{"id":89,"date":"2019-10-27T08:53:43","date_gmt":"2019-10-27T07:53:43","guid":{"rendered":"https:\/\/guarneritrioprague.cajik.com\/?page_id=89"},"modified":"2023-09-14T10:16:54","modified_gmt":"2023-09-14T09:16:54","slug":"o-nas","status":"publish","type":"page","link":"https:\/\/www.guarneritrioprague.com\/de\/","title":{"rendered":"\u00dcBER UNS"},"content":{"rendered":"<table style=\"border-collapse: collapse; width: 100%;\">\n<tbody>\n<tr>\n<td style=\"width: 100%;\" align=\"justify\" valign=\"top\">Das Guarneri Trio Prague tritt in der Saison 2023\/24 seit 37 Jahren in urspr\u00fcnglicher Besetzung auf &#8211; in der ihm so eigenen Frische und packenden Interpretation. Seit seiner Gr\u00fcndung im Jahre 1986 z\u00e4hlt das Guarneri Trio Prague zu den f\u00fchrenden Klaviertrios klassischer Pr\u00e4gung. Fr\u00fche spektakul\u00e4re Erfolge sicherten dem Trio h\u00f6chste Aufmerksamkeit der internationalen Musikpresse, von der es als Spitzenensemble der Kammermusikszene f\u00fcr sein makelloses Zusammenspiel, seine ausserordentlichen tonlichen Qualit\u00e4ten und seine hohe technische Virtuosit\u00e4t gefeiert wird. Die un\u00fcbertreffliche Mischung aus k\u00fcnstlerischer Reife und Ausdruckskraft, die das Ensemble durch die langj\u00e4hrige musikalische Zusammenarbeit erlangt hat, ist die erfolgversprechende Voraussetzung f\u00fcr ein weiteres bedeutendes Zusammenwirken im vierten Jahrzehnt seiner Karriere. Das Guarneri Trio Prague tritt regelm\u00e4ssig an internationalen Musikfestspielen und in wichtigen Musikzentren auf. Ausgedehnte Konzertreisen f\u00fchren es durch Europa, Kanada, Australien, nach Nord- und S\u00fcdamerika, China und Japan.<\/p>\n<p>F\u00fcr Supraphon und das franz\u00f6sische Label Praga Digitals hat das Guarneri Trio Prague u.a. das gesamte Klaviertriowerk von Beethoven, Mendelssohn, Schubert, Dvorak, Schostakowitsch, Mozart, Brahms, Suk und Smetana eingespielt. Die Aufnahmen wurden mehrfach mit internationalen Preisen ausgezeichnet (Diapason d\u2019Or, Le Monde de la Musique, Choc).<\/p>\n<p>Im Lauf der vergangenen Jahre hat sich das Ensemble ein breit gef\u00e4chertes Repertoire aufgebaut, das nicht nur grosse Namen und bekannte Werke enth\u00e4lt, sondern von beharrlichem und behutsamem Entdeckergeist zeugt. So finden Zeitgenossen wie Lubos Fiser und Ales Brezina oder der Schweizer Th\u00fcring Br\u00e4m Eingang in die Werkliste, aber auch b\u00f6hmische Komponisten aus der grossen Zeit der Wiener Klassik wie Jan Vaclav Hugo Vorisek oder Anton\u00edn Rejcha. Musik wird unter den H\u00e4nden der drei Musiker zum reinen Klangerlebnis<\/p>\n<p>Cenek Pavl\u00edk spielt die Violine \u201eZimbalist\u201c von Guarneri del Ges\u00f9 aus der sagenumwobenen Geigensammlung von Luigi Tarisio, Marek Jerie ein Violoncello von Andrea Guarneri aus dem Jahre 1684.<\/p>\n<p>F\u00fcr BBC, Radio France, ORF, DRS 2, NDR, SWR, dem tschechischen Rundfunk u.a. hat das Guarneri Trio Prague verschiedene Aufnahmen und Konzertmitschnitte gemacht.<\/p>\n<p>Das Guarneri Trio Prague gibt regelm\u00e4ssig Meisterkurse.<\/td>\n<\/tr>\n<\/tbody>\n<\/table>\n","protected":false},"excerpt":{"rendered":"<p>Das Guarneri Trio Prague tritt in der Saison 2023\/24 seit 37 Jahren in urspr\u00fcnglicher Besetzung auf &#8211; in der ihm so eigenen Frische und packenden Interpretation. Seit seiner Gr\u00fcndung im Jahre 1986 z\u00e4hlt das Guarneri Trio Prague zu den f\u00fchrenden Klaviertrios klassischer Pr\u00e4gung. Fr\u00fche spektakul\u00e4re Erfolge sicherten dem Trio h\u00f6chste Aufmerksamkeit der internationalen Musikpresse, von &hellip; <\/p>\n<p class=\"link-more\"><a href=\"https:\/\/www.guarneritrioprague.com\/de\/\" class=\"more-link\">Continue reading<span class=\"screen-reader-text\"> &#8220;\u00dcBER UNS&#8221;<\/span><\/a><\/p>\n","protected":false},"author":1,"featured_media":0,"parent":0,"menu_order":0,"comment_status":"closed","ping_status":"closed","template":"","meta":{"ngg_post_thumbnail":0,"footnotes":""},"class_list":["post-89","page","type-page","status-publish","hentry"],"translation":{"provider":"WPGlobus","version":"3.0.2","language":"de","enabled_languages":["cz","en","de","fr"],"languages":{"cz":{"title":true,"content":true,"excerpt":false},"en":{"title":true,"content":true,"excerpt":false},"de":{"title":true,"content":true,"excerpt":false},"fr":{"title":true,"content":true,"excerpt":false}}},"yoast_head":"<!-- This site is optimized with the Yoast SEO plugin v27.5 - https:\/\/yoast.com\/product\/yoast-seo-wordpress\/ -->\n<title>\u00dcBER UNS - Guarneri Trio Prague<\/title>\n<meta name=\"robots\" content=\"index, follow, max-snippet:-1, max-image-preview:large, max-video-preview:-1\" \/>\n<link rel=\"canonical\" href=\"https:\/\/www.guarneritrioprague.com\/\" \/>\n<meta property=\"og:locale\" content=\"de_DE\" \/>\n<meta property=\"og:type\" content=\"article\" \/>\n<meta property=\"og:title\" content=\"\u00dcBER UNS - Guarneri Trio Prague\" \/>\n<meta property=\"og:url\" content=\"https:\/\/www.guarneritrioprague.com\/\" \/>\n<meta property=\"og:site_name\" content=\"Guarneri Trio Prague\" \/>\n<meta property=\"article:modified_time\" content=\"2023-09-14T09:16:54+00:00\" \/>\n<meta name=\"twitter:card\" content=\"summary_large_image\" \/>\n<meta name=\"twitter:label1\" content=\"Est. reading time\" \/>\n\t<meta name=\"twitter:data1\" content=\"2 minutes\" \/>\n<script type=\"application\/ld+json\" class=\"yoast-schema-graph\">{\"@context\":\"https:\\\/\\\/schema.org\",\"@graph\":[{\"@type\":\"WebPage\",\"@id\":\"https:\\\/\\\/www.guarneritrioprague.com\\\/\",\"url\":\"https:\\\/\\\/www.guarneritrioprague.com\\\/\",\"name\":\"\u00dcBER UNS - Guarneri Trio Prague\",\"isPartOf\":{\"@id\":\"https:\\\/\\\/www.guarneritrioprague.com\\\/#website\"},\"datePublished\":\"2019-10-27T07:53:43+00:00\",\"dateModified\":\"2023-09-14T09:16:54+00:00\",\"breadcrumb\":{\"@id\":\"https:\\\/\\\/www.guarneritrioprague.com\\\/#breadcrumb\"},\"inLanguage\":\"de-DE\",\"potentialAction\":[{\"@type\":\"ReadAction\",\"target\":[\"https:\\\/\\\/www.guarneritrioprague.com\\\/\"]}]},{\"@type\":\"BreadcrumbList\",\"@id\":\"https:\\\/\\\/www.guarneritrioprague.com\\\/#breadcrumb\",\"itemListElement\":[{\"@type\":\"ListItem\",\"position\":1,\"name\":\"Dom\u016f\",\"item\":\"https:\\\/\\\/www.guarneritrioprague.com\\\/\"},{\"@type\":\"ListItem\",\"position\":2,\"name\":\"O N\u00c1S\"}]},{\"@type\":\"WebSite\",\"@id\":\"https:\\\/\\\/www.guarneritrioprague.com\\\/#website\",\"url\":\"https:\\\/\\\/www.guarneritrioprague.com\\\/\",\"name\":\"Guarneri Trio Prague\",\"description\":\"Ivan Kl\u00e1nsk\u00fd - Klavier, \u010cen\u011bk Pavl\u00edk - Violine, Marek Jerie - Violoncello\",\"potentialAction\":[{\"@type\":\"SearchAction\",\"target\":{\"@type\":\"EntryPoint\",\"urlTemplate\":\"https:\\\/\\\/www.guarneritrioprague.com\\\/?s={search_term_string}\"},\"query-input\":{\"@type\":\"PropertyValueSpecification\",\"valueRequired\":true,\"valueName\":\"search_term_string\"}}],\"inLanguage\":\"de-DE\"}]}<\/script>\n<!-- \/ Yoast SEO plugin. -->","yoast_head_json":{"title":"\u00dcBER UNS - Guarneri Trio Prague","robots":{"index":"index","follow":"follow","max-snippet":"max-snippet:-1","max-image-preview":"max-image-preview:large","max-video-preview":"max-video-preview:-1"},"canonical":"https:\/\/www.guarneritrioprague.com\/","og_locale":"de_DE","og_type":"article","og_title":"\u00dcBER UNS - Guarneri Trio Prague","og_url":"https:\/\/www.guarneritrioprague.com\/","og_site_name":"Guarneri Trio Prague","article_modified_time":"2023-09-14T09:16:54+00:00","twitter_card":"summary_large_image","twitter_misc":{"Est. reading time":"2 minutes"},"schema":{"@context":"https:\/\/schema.org","@graph":[{"@type":"WebPage","@id":"https:\/\/www.guarneritrioprague.com\/","url":"https:\/\/www.guarneritrioprague.com\/","name":"\u00dcBER UNS - Guarneri Trio Prague","isPartOf":{"@id":"https:\/\/www.guarneritrioprague.com\/#website"},"datePublished":"2019-10-27T07:53:43+00:00","dateModified":"2023-09-14T09:16:54+00:00","breadcrumb":{"@id":"https:\/\/www.guarneritrioprague.com\/#breadcrumb"},"inLanguage":"de-DE","potentialAction":[{"@type":"ReadAction","target":["https:\/\/www.guarneritrioprague.com\/"]}]},{"@type":"BreadcrumbList","@id":"https:\/\/www.guarneritrioprague.com\/#breadcrumb","itemListElement":[{"@type":"ListItem","position":1,"name":"Dom\u016f","item":"https:\/\/www.guarneritrioprague.com\/"},{"@type":"ListItem","position":2,"name":"O N\u00c1S"}]},{"@type":"WebSite","@id":"https:\/\/www.guarneritrioprague.com\/#website","url":"https:\/\/www.guarneritrioprague.com\/","name":"Guarneri Trio Prague","description":"Ivan Kl\u00e1nsk\u00fd - Klavier, \u010cen\u011bk Pavl\u00edk - Violine, Marek Jerie - Violoncello","potentialAction":[{"@type":"SearchAction","target":{"@type":"EntryPoint","urlTemplate":"https:\/\/www.guarneritrioprague.com\/?s={search_term_string}"},"query-input":{"@type":"PropertyValueSpecification","valueRequired":true,"valueName":"search_term_string"}}],"inLanguage":"de-DE"}]}},"_links":{"self":[{"href":"https:\/\/www.guarneritrioprague.com\/de\/wp-json\/wp\/v2\/pages\/89","targetHints":{"allow":["GET"]}}],"collection":[{"href":"https:\/\/www.guarneritrioprague.com\/de\/wp-json\/wp\/v2\/pages"}],"about":[{"href":"https:\/\/www.guarneritrioprague.com\/de\/wp-json\/wp\/v2\/types\/page"}],"author":[{"embeddable":true,"href":"https:\/\/www.guarneritrioprague.com\/de\/wp-json\/wp\/v2\/users\/1"}],"replies":[{"embeddable":true,"href":"https:\/\/www.guarneritrioprague.com\/de\/wp-json\/wp\/v2\/comments?post=89"}],"version-history":[{"count":23,"href":"https:\/\/www.guarneritrioprague.com\/de\/wp-json\/wp\/v2\/pages\/89\/revisions"}],"predecessor-version":[{"id":487,"href":"https:\/\/www.guarneritrioprague.com\/de\/wp-json\/wp\/v2\/pages\/89\/revisions\/487"}],"wp:attachment":[{"href":"https:\/\/www.guarneritrioprague.com\/de\/wp-json\/wp\/v2\/media?parent=89"}],"curies":[{"name":"wp","href":"https:\/\/api.w.org\/{rel}","templated":true}]}}