{"id":125,"date":"2019-10-27T09:18:03","date_gmt":"2019-10-27T08:18:03","guid":{"rendered":"https:\/\/guarneritrioprague.cajik.com\/?page_id=125"},"modified":"2019-10-28T10:51:29","modified_gmt":"2019-10-28T09:51:29","slug":"fotogalerie","status":"publish","type":"page","link":"https:\/\/www.guarneritrioprague.com\/en\/fotogalerie\/","title":{"rendered":"PHOTOGALLERY"},"content":{"rendered":"ngg_shortcode_0_placeholder\n","protected":false},"excerpt":{"rendered":"","protected":false},"author":1,"featured_media":0,"parent":0,"menu_order":0,"comment_status":"closed","ping_status":"closed","template":"","meta":{"ngg_post_thumbnail":0,"footnotes":""},"class_list":["post-125","page","type-page","status-publish","hentry"],"translation":{"provider":"WPGlobus","version":"3.0.2","language":"en","enabled_languages":["cz","en","de","fr"],"languages":{"cz":{"title":true,"content":true,"excerpt":false},"en":{"title":true,"content":true,"excerpt":false},"de":{"title":true,"content":true,"excerpt":false},"fr":{"title":true,"content":true,"excerpt":false}}},"yoast_head":"<!-- This site is optimized with the Yoast SEO plugin v27.4 - https:\/\/yoast.com\/product\/yoast-seo-wordpress\/ -->\n<title>PHOTOGALLERY - Guarneri Trio Prague<\/title>\n<meta name=\"robots\" content=\"index, follow, max-snippet:-1, max-image-preview:large, max-video-preview:-1\" \/>\n<link rel=\"canonical\" href=\"https:\/\/www.guarneritrioprague.com\/fotogalerie\/\" \/>\n<meta property=\"og:locale\" content=\"en_US\" \/>\n<meta property=\"og:type\" content=\"article\" \/>\n<meta property=\"og:title\" content=\"PHOTOGALLERY - Guarneri Trio Prague\" \/>\n<meta property=\"og:url\" content=\"https:\/\/www.guarneritrioprague.com\/fotogalerie\/\" \/>\n<meta property=\"og:site_name\" content=\"Guarneri Trio Prague\" \/>\n<meta property=\"article:modified_time\" content=\"2019-10-28T09:51:29+00:00\" \/>\n<meta name=\"twitter:card\" content=\"summary_large_image\" \/>\n<script type=\"application\/ld+json\" class=\"yoast-schema-graph\">{\"@context\":\"https:\\\/\\\/schema.org\",\"@graph\":[{\"@type\":\"WebPage\",\"@id\":\"https:\\\/\\\/www.guarneritrioprague.com\\\/fotogalerie\\\/\",\"url\":\"https:\\\/\\\/www.guarneritrioprague.com\\\/fotogalerie\\\/\",\"name\":\"PHOTOGALLERY - Guarneri Trio Prague\",\"isPartOf\":{\"@id\":\"https:\\\/\\\/www.guarneritrioprague.com\\\/#website\"},\"datePublished\":\"2019-10-27T08:18:03+00:00\",\"dateModified\":\"2019-10-28T09:51:29+00:00\",\"breadcrumb\":{\"@id\":\"https:\\\/\\\/www.guarneritrioprague.com\\\/fotogalerie\\\/#breadcrumb\"},\"inLanguage\":\"en-US\",\"potentialAction\":[{\"@type\":\"ReadAction\",\"target\":[\"https:\\\/\\\/www.guarneritrioprague.com\\\/fotogalerie\\\/\"]}]},{\"@type\":\"BreadcrumbList\",\"@id\":\"https:\\\/\\\/www.guarneritrioprague.com\\\/fotogalerie\\\/#breadcrumb\",\"itemListElement\":[{\"@type\":\"ListItem\",\"position\":1,\"name\":\"Dom\u016f\",\"item\":\"https:\\\/\\\/www.guarneritrioprague.com\\\/\"},{\"@type\":\"ListItem\",\"position\":2,\"name\":\"FOTOGALERIE\"}]},{\"@type\":\"WebSite\",\"@id\":\"https:\\\/\\\/www.guarneritrioprague.com\\\/#website\",\"url\":\"https:\\\/\\\/www.guarneritrioprague.com\\\/\",\"name\":\"Guarneri Trio Prague\",\"description\":\"\u010cen\u011bk Pavl\u00edk-violin, Marek Jerie-violoncello, Ivan Kl\u00e1nsk\u00fd-piano\",\"potentialAction\":[{\"@type\":\"SearchAction\",\"target\":{\"@type\":\"EntryPoint\",\"urlTemplate\":\"https:\\\/\\\/www.guarneritrioprague.com\\\/?s={search_term_string}\"},\"query-input\":{\"@type\":\"PropertyValueSpecification\",\"valueRequired\":true,\"valueName\":\"search_term_string\"}}],\"inLanguage\":\"en-US\"}]}<\/script>\n<!-- \/ Yoast SEO plugin. -->","yoast_head_json":{"title":"PHOTOGALLERY - Guarneri Trio Prague","robots":{"index":"index","follow":"follow","max-snippet":"max-snippet:-1","max-image-preview":"max-image-preview:large","max-video-preview":"max-video-preview:-1"},"canonical":"https:\/\/www.guarneritrioprague.com\/fotogalerie\/","og_locale":"en_US","og_type":"article","og_title":"PHOTOGALLERY - Guarneri Trio Prague","og_url":"https:\/\/www.guarneritrioprague.com\/fotogalerie\/","og_site_name":"Guarneri Trio Prague","article_modified_time":"2019-10-28T09:51:29+00:00","twitter_card":"summary_large_image","schema":{"@context":"https:\/\/schema.org","@graph":[{"@type":"WebPage","@id":"https:\/\/www.guarneritrioprague.com\/fotogalerie\/","url":"https:\/\/www.guarneritrioprague.com\/fotogalerie\/","name":"PHOTOGALLERY - Guarneri Trio Prague","isPartOf":{"@id":"https:\/\/www.guarneritrioprague.com\/#website"},"datePublished":"2019-10-27T08:18:03+00:00","dateModified":"2019-10-28T09:51:29+00:00","breadcrumb":{"@id":"https:\/\/www.guarneritrioprague.com\/fotogalerie\/#breadcrumb"},"inLanguage":"en-US","potentialAction":[{"@type":"ReadAction","target":["https:\/\/www.guarneritrioprague.com\/fotogalerie\/"]}]},{"@type":"BreadcrumbList","@id":"https:\/\/www.guarneritrioprague.com\/fotogalerie\/#breadcrumb","itemListElement":[{"@type":"ListItem","position":1,"name":"Dom\u016f","item":"https:\/\/www.guarneritrioprague.com\/"},{"@type":"ListItem","position":2,"name":"FOTOGALERIE"}]},{"@type":"WebSite","@id":"https:\/\/www.guarneritrioprague.com\/#website","url":"https:\/\/www.guarneritrioprague.com\/","name":"Guarneri Trio Prague","description":"\u010cen\u011bk Pavl\u00edk-violin, Marek Jerie-violoncello, Ivan Kl\u00e1nsk\u00fd-piano","potentialAction":[{"@type":"SearchAction","target":{"@type":"EntryPoint","urlTemplate":"https:\/\/www.guarneritrioprague.com\/?s={search_term_string}"},"query-input":{"@type":"PropertyValueSpecification","valueRequired":true,"valueName":"search_term_string"}}],"inLanguage":"en-US"}]}},"_links":{"self":[{"href":"https:\/\/www.guarneritrioprague.com\/en\/wp-json\/wp\/v2\/pages\/125","targetHints":{"allow":["GET"]}}],"collection":[{"href":"https:\/\/www.guarneritrioprague.com\/en\/wp-json\/wp\/v2\/pages"}],"about":[{"href":"https:\/\/www.guarneritrioprague.com\/en\/wp-json\/wp\/v2\/types\/page"}],"author":[{"embeddable":true,"href":"https:\/\/www.guarneritrioprague.com\/en\/wp-json\/wp\/v2\/users\/1"}],"replies":[{"embeddable":true,"href":"https:\/\/www.guarneritrioprague.com\/en\/wp-json\/wp\/v2\/comments?post=125"}],"version-history":[{"count":9,"href":"https:\/\/www.guarneritrioprague.com\/en\/wp-json\/wp\/v2\/pages\/125\/revisions"}],"predecessor-version":[{"id":209,"href":"https:\/\/www.guarneritrioprague.com\/en\/wp-json\/wp\/v2\/pages\/125\/revisions\/209"}],"wp:attachment":[{"href":"https:\/\/www.guarneritrioprague.com\/en\/wp-json\/wp\/v2\/media?parent=125"}],"curies":[{"name":"wp","href":"https:\/\/api.w.org\/{rel}","templated":true}]}}