{"id":19,"date":"2019-10-26T21:18:52","date_gmt":"2019-10-26T20:18:52","guid":{"rendered":"https:\/\/guarneritrioprague.cajik.com\/?page_id=19"},"modified":"2020-12-09T21:55:26","modified_gmt":"2020-12-09T20:55:26","slug":"clenove","status":"publish","type":"page","link":"https:\/\/www.guarneritrioprague.com\/en\/clenove\/","title":{"rendered":"MEMBERS"},"content":{"rendered":"<table style=\"border-collapse: collapse; width: 100%;\">\n<tbody>\n<tr>\n<td style=\"width: 30%;\" align=\"justify\" valign=\"top\"><span style=\"font-size: 12pt;\"><strong>\u010cen\u011bk Pavl\u00edk<\/strong><\/span> is one of the foremost among today\u2019s Czech solo violinists. He has won first prizes at both the Prague and London International Competitions. He lives in the Czech Republic. During his free time, Cenek Pavlik enjoys participating in archaeological digs, and has become an expert in ceramic tiles of the Middle Ages; he is also fascinated by steam locomotives and castles.<\/td>\n<td style=\"width: 5%;\">&nbsp;<\/td>\n<td style=\"width: 30%;\" align=\"justify\" valign=\"top\"><span style=\"font-size: 12pt;\"><strong>Marek Jerie<\/strong><\/span> is an outstanding \u2018cellist and chamber musician. He has a professorship at the Lucerne Academy of Music, and is a teacher of great dedication; his students include chamber musicians and soloists at both undergraduate and postgraduate level. Devoted to his family, he also derives much pleasure from exploring new places and meeting a wide variety of people on his travels.<\/td>\n<td style=\"width: 5%;\">&nbsp;<\/td>\n<td style=\"width: 30%;\" align=\"justify\" valign=\"top\"><span style=\"font-size: 12pt;\"><strong>Ivan Kl\u00e1nsk\u00fd<\/strong><\/span> isan eminent Czech pianist in addition to which he is a much sought-after teacher. He holds professorships at the Music Academies of Prague and Lucerne, teaching postgraduate soloists and chamber musicians at both institutes. A former junior chess master of Czechoslovakia, he is responsible for the travel arrangements of the Guarneri Trio Prague knowing, as he does, all the air and train schedules by heart!<\/td>\n<\/tr>\n<\/tbody>\n<\/table>\n","protected":false},"excerpt":{"rendered":"<p>\u010cen\u011bk Pavl\u00edk is one of the foremost among today\u2019s Czech solo violinists. He has won first prizes at both the Prague and London International Competitions. He lives in the Czech Republic. During his free time, Cenek Pavlik enjoys participating in archaeological digs, and has become an expert in ceramic tiles of the Middle Ages; he &hellip; <\/p>\n<p class=\"link-more\"><a href=\"https:\/\/www.guarneritrioprague.com\/en\/clenove\/\" class=\"more-link\">Continue reading<span class=\"screen-reader-text\"> &#8220;MEMBERS&#8221;<\/span><\/a><\/p>\n","protected":false},"author":1,"featured_media":0,"parent":0,"menu_order":0,"comment_status":"closed","ping_status":"closed","template":"","meta":{"ngg_post_thumbnail":0,"footnotes":""},"class_list":["post-19","page","type-page","status-publish","hentry"],"translation":{"provider":"WPGlobus","version":"3.0.2","language":"en","enabled_languages":["cz","en","de","fr"],"languages":{"cz":{"title":true,"content":true,"excerpt":false},"en":{"title":true,"content":true,"excerpt":false},"de":{"title":true,"content":true,"excerpt":false},"fr":{"title":true,"content":true,"excerpt":false}}},"yoast_head":"<!-- This site is optimized with the Yoast SEO plugin v27.5 - https:\/\/yoast.com\/product\/yoast-seo-wordpress\/ -->\n<title>MEMBERS - Guarneri Trio Prague<\/title>\n<meta name=\"robots\" content=\"index, follow, max-snippet:-1, max-image-preview:large, max-video-preview:-1\" \/>\n<link rel=\"canonical\" href=\"https:\/\/www.guarneritrioprague.com\/clenove\/\" \/>\n<meta property=\"og:locale\" content=\"en_US\" \/>\n<meta property=\"og:type\" content=\"article\" \/>\n<meta property=\"og:title\" content=\"MEMBERS - Guarneri Trio Prague\" \/>\n<meta property=\"og:url\" content=\"https:\/\/www.guarneritrioprague.com\/clenove\/\" \/>\n<meta property=\"og:site_name\" content=\"Guarneri Trio Prague\" \/>\n<meta property=\"article:modified_time\" content=\"2020-12-09T20:55:26+00:00\" \/>\n<meta name=\"twitter:card\" content=\"summary_large_image\" \/>\n<meta name=\"twitter:label1\" content=\"Est. reading time\" \/>\n\t<meta name=\"twitter:data1\" content=\"4 minutes\" \/>\n<script type=\"application\/ld+json\" class=\"yoast-schema-graph\">{\"@context\":\"https:\\\/\\\/schema.org\",\"@graph\":[{\"@type\":\"WebPage\",\"@id\":\"https:\\\/\\\/www.guarneritrioprague.com\\\/clenove\\\/\",\"url\":\"https:\\\/\\\/www.guarneritrioprague.com\\\/clenove\\\/\",\"name\":\"MEMBERS - Guarneri Trio Prague\",\"isPartOf\":{\"@id\":\"https:\\\/\\\/www.guarneritrioprague.com\\\/#website\"},\"datePublished\":\"2019-10-26T20:18:52+00:00\",\"dateModified\":\"2020-12-09T20:55:26+00:00\",\"breadcrumb\":{\"@id\":\"https:\\\/\\\/www.guarneritrioprague.com\\\/clenove\\\/#breadcrumb\"},\"inLanguage\":\"en-US\",\"potentialAction\":[{\"@type\":\"ReadAction\",\"target\":[\"https:\\\/\\\/www.guarneritrioprague.com\\\/clenove\\\/\"]}]},{\"@type\":\"BreadcrumbList\",\"@id\":\"https:\\\/\\\/www.guarneritrioprague.com\\\/clenove\\\/#breadcrumb\",\"itemListElement\":[{\"@type\":\"ListItem\",\"position\":1,\"name\":\"Dom\u016f\",\"item\":\"https:\\\/\\\/www.guarneritrioprague.com\\\/\"},{\"@type\":\"ListItem\",\"position\":2,\"name\":\"\u010cLENOV\u00c9\"}]},{\"@type\":\"WebSite\",\"@id\":\"https:\\\/\\\/www.guarneritrioprague.com\\\/#website\",\"url\":\"https:\\\/\\\/www.guarneritrioprague.com\\\/\",\"name\":\"Guarneri Trio Prague\",\"description\":\"\u010cen\u011bk Pavl\u00edk-violin, Marek Jerie-violoncello, Ivan Kl\u00e1nsk\u00fd-piano\",\"potentialAction\":[{\"@type\":\"SearchAction\",\"target\":{\"@type\":\"EntryPoint\",\"urlTemplate\":\"https:\\\/\\\/www.guarneritrioprague.com\\\/?s={search_term_string}\"},\"query-input\":{\"@type\":\"PropertyValueSpecification\",\"valueRequired\":true,\"valueName\":\"search_term_string\"}}],\"inLanguage\":\"en-US\"}]}<\/script>\n<!-- \/ Yoast SEO plugin. -->","yoast_head_json":{"title":"MEMBERS - Guarneri Trio Prague","robots":{"index":"index","follow":"follow","max-snippet":"max-snippet:-1","max-image-preview":"max-image-preview:large","max-video-preview":"max-video-preview:-1"},"canonical":"https:\/\/www.guarneritrioprague.com\/clenove\/","og_locale":"en_US","og_type":"article","og_title":"MEMBERS - Guarneri Trio Prague","og_url":"https:\/\/www.guarneritrioprague.com\/clenove\/","og_site_name":"Guarneri Trio Prague","article_modified_time":"2020-12-09T20:55:26+00:00","twitter_card":"summary_large_image","twitter_misc":{"Est. reading time":"4 minutes"},"schema":{"@context":"https:\/\/schema.org","@graph":[{"@type":"WebPage","@id":"https:\/\/www.guarneritrioprague.com\/clenove\/","url":"https:\/\/www.guarneritrioprague.com\/clenove\/","name":"MEMBERS - Guarneri Trio Prague","isPartOf":{"@id":"https:\/\/www.guarneritrioprague.com\/#website"},"datePublished":"2019-10-26T20:18:52+00:00","dateModified":"2020-12-09T20:55:26+00:00","breadcrumb":{"@id":"https:\/\/www.guarneritrioprague.com\/clenove\/#breadcrumb"},"inLanguage":"en-US","potentialAction":[{"@type":"ReadAction","target":["https:\/\/www.guarneritrioprague.com\/clenove\/"]}]},{"@type":"BreadcrumbList","@id":"https:\/\/www.guarneritrioprague.com\/clenove\/#breadcrumb","itemListElement":[{"@type":"ListItem","position":1,"name":"Dom\u016f","item":"https:\/\/www.guarneritrioprague.com\/"},{"@type":"ListItem","position":2,"name":"\u010cLENOV\u00c9"}]},{"@type":"WebSite","@id":"https:\/\/www.guarneritrioprague.com\/#website","url":"https:\/\/www.guarneritrioprague.com\/","name":"Guarneri Trio Prague","description":"\u010cen\u011bk Pavl\u00edk-violin, Marek Jerie-violoncello, Ivan Kl\u00e1nsk\u00fd-piano","potentialAction":[{"@type":"SearchAction","target":{"@type":"EntryPoint","urlTemplate":"https:\/\/www.guarneritrioprague.com\/?s={search_term_string}"},"query-input":{"@type":"PropertyValueSpecification","valueRequired":true,"valueName":"search_term_string"}}],"inLanguage":"en-US"}]}},"_links":{"self":[{"href":"https:\/\/www.guarneritrioprague.com\/en\/wp-json\/wp\/v2\/pages\/19","targetHints":{"allow":["GET"]}}],"collection":[{"href":"https:\/\/www.guarneritrioprague.com\/en\/wp-json\/wp\/v2\/pages"}],"about":[{"href":"https:\/\/www.guarneritrioprague.com\/en\/wp-json\/wp\/v2\/types\/page"}],"author":[{"embeddable":true,"href":"https:\/\/www.guarneritrioprague.com\/en\/wp-json\/wp\/v2\/users\/1"}],"replies":[{"embeddable":true,"href":"https:\/\/www.guarneritrioprague.com\/en\/wp-json\/wp\/v2\/comments?post=19"}],"version-history":[{"count":29,"href":"https:\/\/www.guarneritrioprague.com\/en\/wp-json\/wp\/v2\/pages\/19\/revisions"}],"predecessor-version":[{"id":331,"href":"https:\/\/www.guarneritrioprague.com\/en\/wp-json\/wp\/v2\/pages\/19\/revisions\/331"}],"wp:attachment":[{"href":"https:\/\/www.guarneritrioprague.com\/en\/wp-json\/wp\/v2\/media?parent=19"}],"curies":[{"name":"wp","href":"https:\/\/api.w.org\/{rel}","templated":true}]}}