{"id":89,"date":"2019-10-27T08:53:43","date_gmt":"2019-10-27T07:53:43","guid":{"rendered":"https:\/\/guarneritrioprague.cajik.com\/?page_id=89"},"modified":"2023-09-14T10:16:54","modified_gmt":"2023-09-14T09:16:54","slug":"o-nas","status":"publish","type":"page","link":"https:\/\/www.guarneritrioprague.com\/en\/","title":{"rendered":"ABOUT US"},"content":{"rendered":"<p>The Guarneri Trio Prague, belongs to the most renowned piano trios in the world of classical music. Founded by Ivan Klansk\u00fd, \u010cen\u011bk Pavl\u00edk and Marek Jerie, the Trio drew with its artistically spectacluar performances the attention of the international press early in its carreer. &nbsp;The Trio has been playing since 1986 in in the same line-up.<\/p>\n<p>The ensemble performs regularly at many international music festivals including the Schleswig-Holstein Festival, Prague Spring, and Folle Journ\u00e9e in Nantes, Bilbao and Tokyo. The trio plays also at prestigious concert venues around the world, in cities like London, Paris, Prague, Madrid, Geneva and Hamburg. It has toured successfully throughout Europe, South and North America, Australia, Japan, the Phillipines and China.<\/p>\n<p>The Guarneri Trio Prague has recorded the complete piano trios of Beethoven, Mendelssohn, Shostakovich, Schubert, Brahms and Mozart for the French label <em>Praga Digitals<\/em> and the piano trios of Dvorak for the Czech label <em>Supraphon<\/em>. For their recordings the Trio was rewarded with many important prices (Diapason d\u2019Or, Le Monde de la Musique, Choc).<\/p>\n<p>The ensemble bears the family name of the makers of both string instruments used by the Trio. Cenek Pavl\u00edk plays the famous \u201cZimbalist\u201c violin by Guarneri del Ges\u00f9 from the precious collection of Luigi Tarisio, while Marek Jerie plays a cello made by Andrea Guarneri in l684.<\/p>\n<p>The Guarneri Trio Prague gives frequently master classes in different places all over the world.<\/p>\n","protected":false},"excerpt":{"rendered":"<p>The Guarneri Trio Prague, belongs to the most renowned piano trios in the world of classical music. Founded by Ivan Klansk\u00fd, \u010cen\u011bk Pavl\u00edk and Marek Jerie, the Trio drew with its artistically spectacluar performances the attention of the international press early in its carreer. &nbsp;The Trio has been playing since 1986 in in the same &hellip; <\/p>\n<p class=\"link-more\"><a href=\"https:\/\/www.guarneritrioprague.com\/en\/\" class=\"more-link\">Continue reading<span class=\"screen-reader-text\"> &#8220;ABOUT US&#8221;<\/span><\/a><\/p>\n","protected":false},"author":1,"featured_media":0,"parent":0,"menu_order":0,"comment_status":"closed","ping_status":"closed","template":"","meta":{"ngg_post_thumbnail":0,"footnotes":""},"class_list":["post-89","page","type-page","status-publish","hentry"],"translation":{"provider":"WPGlobus","version":"3.0.2","language":"en","enabled_languages":["cz","en","de","fr"],"languages":{"cz":{"title":true,"content":true,"excerpt":false},"en":{"title":true,"content":true,"excerpt":false},"de":{"title":true,"content":true,"excerpt":false},"fr":{"title":true,"content":true,"excerpt":false}}},"yoast_head":"<!-- This site is optimized with the Yoast SEO plugin v27.4 - https:\/\/yoast.com\/product\/yoast-seo-wordpress\/ -->\n<title>ABOUT US - Guarneri Trio Prague<\/title>\n<meta name=\"robots\" content=\"index, follow, max-snippet:-1, max-image-preview:large, max-video-preview:-1\" \/>\n<link rel=\"canonical\" href=\"https:\/\/www.guarneritrioprague.com\/\" \/>\n<meta property=\"og:locale\" content=\"en_US\" \/>\n<meta property=\"og:type\" content=\"article\" \/>\n<meta property=\"og:title\" content=\"ABOUT US - Guarneri Trio Prague\" \/>\n<meta property=\"og:url\" content=\"https:\/\/www.guarneritrioprague.com\/\" \/>\n<meta property=\"og:site_name\" content=\"Guarneri Trio Prague\" \/>\n<meta property=\"article:modified_time\" content=\"2023-09-14T09:16:54+00:00\" \/>\n<meta name=\"twitter:card\" content=\"summary_large_image\" \/>\n<meta name=\"twitter:label1\" content=\"Est. reading time\" \/>\n\t<meta name=\"twitter:data1\" content=\"2 minutes\" \/>\n<script type=\"application\/ld+json\" class=\"yoast-schema-graph\">{\"@context\":\"https:\\\/\\\/schema.org\",\"@graph\":[{\"@type\":\"WebPage\",\"@id\":\"https:\\\/\\\/www.guarneritrioprague.com\\\/\",\"url\":\"https:\\\/\\\/www.guarneritrioprague.com\\\/\",\"name\":\"ABOUT US - Guarneri Trio Prague\",\"isPartOf\":{\"@id\":\"https:\\\/\\\/www.guarneritrioprague.com\\\/#website\"},\"datePublished\":\"2019-10-27T07:53:43+00:00\",\"dateModified\":\"2023-09-14T09:16:54+00:00\",\"breadcrumb\":{\"@id\":\"https:\\\/\\\/www.guarneritrioprague.com\\\/#breadcrumb\"},\"inLanguage\":\"en-US\",\"potentialAction\":[{\"@type\":\"ReadAction\",\"target\":[\"https:\\\/\\\/www.guarneritrioprague.com\\\/\"]}]},{\"@type\":\"BreadcrumbList\",\"@id\":\"https:\\\/\\\/www.guarneritrioprague.com\\\/#breadcrumb\",\"itemListElement\":[{\"@type\":\"ListItem\",\"position\":1,\"name\":\"Dom\u016f\",\"item\":\"https:\\\/\\\/www.guarneritrioprague.com\\\/\"},{\"@type\":\"ListItem\",\"position\":2,\"name\":\"O N\u00c1S\"}]},{\"@type\":\"WebSite\",\"@id\":\"https:\\\/\\\/www.guarneritrioprague.com\\\/#website\",\"url\":\"https:\\\/\\\/www.guarneritrioprague.com\\\/\",\"name\":\"Guarneri Trio Prague\",\"description\":\"\u010cen\u011bk Pavl\u00edk-violin, Marek Jerie-violoncello, Ivan Kl\u00e1nsk\u00fd-piano\",\"potentialAction\":[{\"@type\":\"SearchAction\",\"target\":{\"@type\":\"EntryPoint\",\"urlTemplate\":\"https:\\\/\\\/www.guarneritrioprague.com\\\/?s={search_term_string}\"},\"query-input\":{\"@type\":\"PropertyValueSpecification\",\"valueRequired\":true,\"valueName\":\"search_term_string\"}}],\"inLanguage\":\"en-US\"}]}<\/script>\n<!-- \/ Yoast SEO plugin. -->","yoast_head_json":{"title":"ABOUT US - Guarneri Trio Prague","robots":{"index":"index","follow":"follow","max-snippet":"max-snippet:-1","max-image-preview":"max-image-preview:large","max-video-preview":"max-video-preview:-1"},"canonical":"https:\/\/www.guarneritrioprague.com\/","og_locale":"en_US","og_type":"article","og_title":"ABOUT US - Guarneri Trio Prague","og_url":"https:\/\/www.guarneritrioprague.com\/","og_site_name":"Guarneri Trio Prague","article_modified_time":"2023-09-14T09:16:54+00:00","twitter_card":"summary_large_image","twitter_misc":{"Est. reading time":"2 minutes"},"schema":{"@context":"https:\/\/schema.org","@graph":[{"@type":"WebPage","@id":"https:\/\/www.guarneritrioprague.com\/","url":"https:\/\/www.guarneritrioprague.com\/","name":"ABOUT US - Guarneri Trio Prague","isPartOf":{"@id":"https:\/\/www.guarneritrioprague.com\/#website"},"datePublished":"2019-10-27T07:53:43+00:00","dateModified":"2023-09-14T09:16:54+00:00","breadcrumb":{"@id":"https:\/\/www.guarneritrioprague.com\/#breadcrumb"},"inLanguage":"en-US","potentialAction":[{"@type":"ReadAction","target":["https:\/\/www.guarneritrioprague.com\/"]}]},{"@type":"BreadcrumbList","@id":"https:\/\/www.guarneritrioprague.com\/#breadcrumb","itemListElement":[{"@type":"ListItem","position":1,"name":"Dom\u016f","item":"https:\/\/www.guarneritrioprague.com\/"},{"@type":"ListItem","position":2,"name":"O N\u00c1S"}]},{"@type":"WebSite","@id":"https:\/\/www.guarneritrioprague.com\/#website","url":"https:\/\/www.guarneritrioprague.com\/","name":"Guarneri Trio Prague","description":"\u010cen\u011bk Pavl\u00edk-violin, Marek Jerie-violoncello, Ivan Kl\u00e1nsk\u00fd-piano","potentialAction":[{"@type":"SearchAction","target":{"@type":"EntryPoint","urlTemplate":"https:\/\/www.guarneritrioprague.com\/?s={search_term_string}"},"query-input":{"@type":"PropertyValueSpecification","valueRequired":true,"valueName":"search_term_string"}}],"inLanguage":"en-US"}]}},"_links":{"self":[{"href":"https:\/\/www.guarneritrioprague.com\/en\/wp-json\/wp\/v2\/pages\/89","targetHints":{"allow":["GET"]}}],"collection":[{"href":"https:\/\/www.guarneritrioprague.com\/en\/wp-json\/wp\/v2\/pages"}],"about":[{"href":"https:\/\/www.guarneritrioprague.com\/en\/wp-json\/wp\/v2\/types\/page"}],"author":[{"embeddable":true,"href":"https:\/\/www.guarneritrioprague.com\/en\/wp-json\/wp\/v2\/users\/1"}],"replies":[{"embeddable":true,"href":"https:\/\/www.guarneritrioprague.com\/en\/wp-json\/wp\/v2\/comments?post=89"}],"version-history":[{"count":23,"href":"https:\/\/www.guarneritrioprague.com\/en\/wp-json\/wp\/v2\/pages\/89\/revisions"}],"predecessor-version":[{"id":487,"href":"https:\/\/www.guarneritrioprague.com\/en\/wp-json\/wp\/v2\/pages\/89\/revisions\/487"}],"wp:attachment":[{"href":"https:\/\/www.guarneritrioprague.com\/en\/wp-json\/wp\/v2\/media?parent=89"}],"curies":[{"name":"wp","href":"https:\/\/api.w.org\/{rel}","templated":true}]}}