{"id":157,"date":"2019-10-27T09:40:21","date_gmt":"2019-10-27T08:40:21","guid":{"rendered":"https:\/\/guarneritrioprague.cajik.com\/?page_id=157"},"modified":"2019-10-28T11:25:20","modified_gmt":"2019-10-28T10:25:20","slug":"videa","status":"publish","type":"page","link":"https:\/\/www.guarneritrioprague.com\/fr\/videa\/","title":{"rendered":"VIDEOS"},"content":{"rendered":"<table style=\"border-collapse: collapse; width: 100%;\">\n<tbody>\n<tr>\n<td style=\"width: 30%;\"><iframe loading=\"lazy\" class=\"style14\" src=\"\/\/www.youtube.com\/embed\/z9AAguP3MmQ?rel=0\" width=\"370\" height=\"208\" frameborder=\"0\" allowfullscreen=\"allowfullscreen\"><\/iframe><\/td>\n<td style=\"width: 5%;\">&nbsp;<\/td>\n<td style=\"width: 30%;\"><iframe loading=\"lazy\" src=\"\/\/www.youtube.com\/embed\/kOq0BM4Nucg?rel=0\" width=\"370\" height=\"208\" frameborder=\"0\" allowfullscreen=\"allowfullscreen\"><\/iframe><\/td>\n<td style=\"width: 5%;\">&nbsp;<\/td>\n<td style=\"width: 30%;\"><iframe loading=\"lazy\" src=\"\/\/www.youtube.com\/embed\/satBwMwQ-Z8?rel=0\" width=\"370\" height=\"208\" frameborder=\"0\" allowfullscreen=\"allowfullscreen\"><\/iframe><\/td>\n<\/tr>\n<tr>\n<td style=\"width: 30%;\">&nbsp;<\/td>\n<td style=\"width: 5%;\">&nbsp;<\/td>\n<td style=\"width: 30%;\">&nbsp;<\/td>\n<td style=\"width: 5%;\">&nbsp;<\/td>\n<td style=\"width: 30%;\">&nbsp;<\/td>\n<\/tr>\n<tr>\n<td style=\"width: 30%;\"><iframe loading=\"lazy\" src=\"\/\/www.youtube.com\/embed\/7rKxxiIphWs?rel=0\" width=\"370\" height=\"208\" frameborder=\"0\" allowfullscreen=\"allowfullscreen\"><\/iframe><\/td>\n<td style=\"width: 5%;\">&nbsp;<\/td>\n<td style=\"width: 30%;\"><iframe loading=\"lazy\" src=\"\/\/www.youtube.com\/embed\/cL5F80S3OSE?rel=0\" width=\"370\" height=\"208\" frameborder=\"0\" allowfullscreen=\"allowfullscreen\"><\/iframe><\/td>\n<td style=\"width: 5%;\">&nbsp;<\/td>\n<td style=\"width: 30%;\"><iframe loading=\"lazy\" src=\"\/\/www.youtube.com\/embed\/clXv6I6Fu6I?rel=0\" width=\"370\" height=\"208\" frameborder=\"0\" allowfullscreen=\"allowfullscreen\"><\/iframe><\/td>\n<\/tr>\n<tr>\n<td style=\"width: 30%;\">&nbsp;<\/td>\n<td style=\"width: 5%;\">&nbsp;<\/td>\n<td style=\"width: 30%;\">&nbsp;<\/td>\n<td style=\"width: 5%;\">&nbsp;<\/td>\n<td style=\"width: 30%;\">&nbsp;<\/td>\n<\/tr>\n<tr>\n<td style=\"width: 30%;\"><iframe loading=\"lazy\" src=\"\/\/www.youtube.com\/embed\/d3Nh7kbldXU?rel=0\" width=\"370\" height=\"208\" frameborder=\"0\" allowfullscreen=\"allowfullscreen\"><\/iframe><\/td>\n<td style=\"width: 5%;\">&nbsp;<\/td>\n<td style=\"width: 30%;\"><iframe loading=\"lazy\" src=\"\/\/www.youtube.com\/embed\/05Ut2CacGBc?rel=0\" width=\"370\" height=\"208\" frameborder=\"0\" allowfullscreen=\"allowfullscreen\"><\/iframe><\/td>\n<td style=\"width: 5%;\">&nbsp;<\/td>\n<td style=\"width: 30%;\"><iframe loading=\"lazy\" src=\"\/\/www.youtube.com\/embed\/PU4HyyS19E0?rel=0\" width=\"370\" height=\"208\" frameborder=\"0\" allowfullscreen=\"allowfullscreen\"><\/iframe><\/td>\n<\/tr>\n<tr>\n<td style=\"width: 30%;\">&nbsp;<\/td>\n<td style=\"width: 5%;\">&nbsp;<\/td>\n<td style=\"width: 30%;\">&nbsp;<\/td>\n<td style=\"width: 5%;\">&nbsp;<\/td>\n<td style=\"width: 30%;\">&nbsp;<\/td>\n<\/tr>\n<tr>\n<td style=\"width: 30%;\"><iframe loading=\"lazy\" src=\"\/\/www.youtube.com\/embed\/adcuLISl07Y?rel=0\" width=\"370\" height=\"208\" frameborder=\"0\" allowfullscreen=\"allowfullscreen\"><\/iframe><\/td>\n<td style=\"width: 5%;\">&nbsp;<\/td>\n<td style=\"width: 30%;\"><iframe loading=\"lazy\" src=\"\/\/www.youtube.com\/embed\/fNXpUYk0A6I?rel=0\" width=\"370\" height=\"208\" frameborder=\"0\" allowfullscreen=\"allowfullscreen\"><\/iframe><\/td>\n<td style=\"width: 5%;\">&nbsp;<\/td>\n<td style=\"width: 30%;\">&nbsp;<\/td>\n<\/tr>\n<\/tbody>\n<\/table>\n","protected":false},"excerpt":{"rendered":"<p>&nbsp; &nbsp; &nbsp; &nbsp; &nbsp; &nbsp; &nbsp; &nbsp; &nbsp; &nbsp; &nbsp; &nbsp; &nbsp; &nbsp; &nbsp; &nbsp; &nbsp; &nbsp; &nbsp; &nbsp; &nbsp; &nbsp; &nbsp; &nbsp;<\/p>\n","protected":false},"author":1,"featured_media":0,"parent":0,"menu_order":0,"comment_status":"closed","ping_status":"closed","template":"","meta":{"ngg_post_thumbnail":0,"footnotes":""},"class_list":["post-157","page","type-page","status-publish","hentry"],"translation":{"provider":"WPGlobus","version":"3.0.2","language":"fr","enabled_languages":["cz","en","de","fr"],"languages":{"cz":{"title":true,"content":true,"excerpt":false},"en":{"title":true,"content":true,"excerpt":false},"de":{"title":true,"content":true,"excerpt":false},"fr":{"title":true,"content":true,"excerpt":false}}},"yoast_head":"<!-- This site is optimized with the Yoast SEO plugin v27.5 - https:\/\/yoast.com\/product\/yoast-seo-wordpress\/ -->\n<title>VIDEOS - Guarneri Trio Prague<\/title>\n<meta name=\"robots\" content=\"index, follow, max-snippet:-1, max-image-preview:large, max-video-preview:-1\" \/>\n<link rel=\"canonical\" href=\"https:\/\/www.guarneritrioprague.com\/videa\/\" \/>\n<meta property=\"og:locale\" content=\"fr_FR\" \/>\n<meta property=\"og:type\" content=\"article\" \/>\n<meta property=\"og:title\" content=\"VIDEOS - Guarneri Trio Prague\" \/>\n<meta property=\"og:url\" content=\"https:\/\/www.guarneritrioprague.com\/videa\/\" \/>\n<meta property=\"og:site_name\" content=\"Guarneri Trio Prague\" \/>\n<meta property=\"article:modified_time\" content=\"2019-10-28T10:25:20+00:00\" \/>\n<meta name=\"twitter:card\" content=\"summary_large_image\" \/>\n<meta name=\"twitter:label1\" content=\"Dur\u00e9e de lecture estim\u00e9e\" \/>\n\t<meta name=\"twitter:data1\" content=\"1 minute\" \/>\n<script type=\"application\/ld+json\" class=\"yoast-schema-graph\">{\"@context\":\"https:\\\/\\\/schema.org\",\"@graph\":[{\"@type\":\"WebPage\",\"@id\":\"https:\\\/\\\/www.guarneritrioprague.com\\\/videa\\\/\",\"url\":\"https:\\\/\\\/www.guarneritrioprague.com\\\/videa\\\/\",\"name\":\"VIDEOS - Guarneri Trio Prague\",\"isPartOf\":{\"@id\":\"https:\\\/\\\/www.guarneritrioprague.com\\\/#website\"},\"datePublished\":\"2019-10-27T08:40:21+00:00\",\"dateModified\":\"2019-10-28T10:25:20+00:00\",\"breadcrumb\":{\"@id\":\"https:\\\/\\\/www.guarneritrioprague.com\\\/videa\\\/#breadcrumb\"},\"inLanguage\":\"fr-FR\",\"potentialAction\":[{\"@type\":\"ReadAction\",\"target\":[\"https:\\\/\\\/www.guarneritrioprague.com\\\/videa\\\/\"]}]},{\"@type\":\"BreadcrumbList\",\"@id\":\"https:\\\/\\\/www.guarneritrioprague.com\\\/videa\\\/#breadcrumb\",\"itemListElement\":[{\"@type\":\"ListItem\",\"position\":1,\"name\":\"Dom\u016f\",\"item\":\"https:\\\/\\\/www.guarneritrioprague.com\\\/\"},{\"@type\":\"ListItem\",\"position\":2,\"name\":\"VIDEA\"}]},{\"@type\":\"WebSite\",\"@id\":\"https:\\\/\\\/www.guarneritrioprague.com\\\/#website\",\"url\":\"https:\\\/\\\/www.guarneritrioprague.com\\\/\",\"name\":\"Guarneri Trio Prague\",\"description\":\"Ivan Kl\u00e1nsk\u00fd - piano, \u010cen\u011bk Pavl\u00edk - violon, Marek Jerie - violoncello\",\"potentialAction\":[{\"@type\":\"SearchAction\",\"target\":{\"@type\":\"EntryPoint\",\"urlTemplate\":\"https:\\\/\\\/www.guarneritrioprague.com\\\/?s={search_term_string}\"},\"query-input\":{\"@type\":\"PropertyValueSpecification\",\"valueRequired\":true,\"valueName\":\"search_term_string\"}}],\"inLanguage\":\"fr-FR\"}]}<\/script>\n<!-- \/ Yoast SEO plugin. -->","yoast_head_json":{"title":"VIDEOS - Guarneri Trio Prague","robots":{"index":"index","follow":"follow","max-snippet":"max-snippet:-1","max-image-preview":"max-image-preview:large","max-video-preview":"max-video-preview:-1"},"canonical":"https:\/\/www.guarneritrioprague.com\/videa\/","og_locale":"fr_FR","og_type":"article","og_title":"VIDEOS - Guarneri Trio Prague","og_url":"https:\/\/www.guarneritrioprague.com\/videa\/","og_site_name":"Guarneri Trio Prague","article_modified_time":"2019-10-28T10:25:20+00:00","twitter_card":"summary_large_image","twitter_misc":{"Dur\u00e9e de lecture estim\u00e9e":"1 minute"},"schema":{"@context":"https:\/\/schema.org","@graph":[{"@type":"WebPage","@id":"https:\/\/www.guarneritrioprague.com\/videa\/","url":"https:\/\/www.guarneritrioprague.com\/videa\/","name":"VIDEOS - Guarneri Trio Prague","isPartOf":{"@id":"https:\/\/www.guarneritrioprague.com\/#website"},"datePublished":"2019-10-27T08:40:21+00:00","dateModified":"2019-10-28T10:25:20+00:00","breadcrumb":{"@id":"https:\/\/www.guarneritrioprague.com\/videa\/#breadcrumb"},"inLanguage":"fr-FR","potentialAction":[{"@type":"ReadAction","target":["https:\/\/www.guarneritrioprague.com\/videa\/"]}]},{"@type":"BreadcrumbList","@id":"https:\/\/www.guarneritrioprague.com\/videa\/#breadcrumb","itemListElement":[{"@type":"ListItem","position":1,"name":"Dom\u016f","item":"https:\/\/www.guarneritrioprague.com\/"},{"@type":"ListItem","position":2,"name":"VIDEA"}]},{"@type":"WebSite","@id":"https:\/\/www.guarneritrioprague.com\/#website","url":"https:\/\/www.guarneritrioprague.com\/","name":"Guarneri Trio Prague","description":"Ivan Kl\u00e1nsk\u00fd - piano, \u010cen\u011bk Pavl\u00edk - violon, Marek Jerie - violoncello","potentialAction":[{"@type":"SearchAction","target":{"@type":"EntryPoint","urlTemplate":"https:\/\/www.guarneritrioprague.com\/?s={search_term_string}"},"query-input":{"@type":"PropertyValueSpecification","valueRequired":true,"valueName":"search_term_string"}}],"inLanguage":"fr-FR"}]}},"_links":{"self":[{"href":"https:\/\/www.guarneritrioprague.com\/fr\/wp-json\/wp\/v2\/pages\/157","targetHints":{"allow":["GET"]}}],"collection":[{"href":"https:\/\/www.guarneritrioprague.com\/fr\/wp-json\/wp\/v2\/pages"}],"about":[{"href":"https:\/\/www.guarneritrioprague.com\/fr\/wp-json\/wp\/v2\/types\/page"}],"author":[{"embeddable":true,"href":"https:\/\/www.guarneritrioprague.com\/fr\/wp-json\/wp\/v2\/users\/1"}],"replies":[{"embeddable":true,"href":"https:\/\/www.guarneritrioprague.com\/fr\/wp-json\/wp\/v2\/comments?post=157"}],"version-history":[{"count":11,"href":"https:\/\/www.guarneritrioprague.com\/fr\/wp-json\/wp\/v2\/pages\/157\/revisions"}],"predecessor-version":[{"id":240,"href":"https:\/\/www.guarneritrioprague.com\/fr\/wp-json\/wp\/v2\/pages\/157\/revisions\/240"}],"wp:attachment":[{"href":"https:\/\/www.guarneritrioprague.com\/fr\/wp-json\/wp\/v2\/media?parent=157"}],"curies":[{"name":"wp","href":"https:\/\/api.w.org\/{rel}","templated":true}]}}