{"id":176,"date":"2019-10-27T10:07:44","date_gmt":"2019-10-27T09:07:44","guid":{"rendered":"https:\/\/guarneritrioprague.cajik.com\/?page_id=176"},"modified":"2022-01-17T14:25:14","modified_gmt":"2022-01-17T13:25:14","slug":"kontakty","status":"publish","type":"page","link":"https:\/\/www.guarneritrioprague.com\/fr\/kontakty\/","title":{"rendered":"CONTACT"},"content":{"rendered":"<p><span style=\"font-size: 14pt;\">Le coordinateur principal est:<\/span><\/p>\n<table style=\"border-collapse: collapse; width: 100%;\">\n<tbody>\n<tr>\n<td style=\"width: 21%;\" valign=\"top\"><b>Beatrix Jerie<\/b><br \/>\nEngelgasse 104<br \/>\nCH-4052 Basel<br \/>\nTel. +41 61 312 05 18<br \/>\nMobile +41 76 2821750<br \/>\n<a href=\"mailto:beatrix.jerie@sunrise.ch\">beatrix.jerie@sunrise.ch<\/a><\/td>\n<td style=\"width: 5%;\">&nbsp;<\/td>\n<td style=\"width: 21%;\" valign=\"top\">&nbsp;<\/td>\n<td style=\"width: 5%;\">&nbsp;<\/td>\n<td style=\"width: 21%;\" valign=\"top\">&nbsp;<\/td>\n<td style=\"width: 5%;\">&nbsp;<\/td>\n<td style=\"width: 21%;\">&nbsp;<\/td>\n<\/tr>\n<\/tbody>\n<\/table>\n<p><span style=\"font-size: 14pt;\">AGENCES<\/span><\/p>\n<table style=\"border-collapse: collapse; width: 100%;\">\n<tbody>\n<tr>\n<td style=\"width: 21%;\" valign=\"top\">&nbsp;<\/td>\n<td style=\"width: 3.4813084112149535%; vertical-align: top;\"><b>Beijing\/ Hong Kong\/ London\/&nbsp;<strong>Taiwan<br \/>\n<\/strong><\/b>Wray Armstrong<br \/>\nChairman and CEO<br \/>\nArmstrong Music and Arts<br \/>\n<a href=\"http:\/\/www.armstrongmusic.cc\/\" target=\"_blank\" rel=\"noopener noreferrer\">www.armstrongmusic.cc<\/a><br \/>\nTel. +86 1381 766 4123<br \/>\nMobile +44 7525 032 259&nbsp;&nbsp;<\/td>\n<td style=\"width: 22.518691588785046%; vertical-align: top;\" valign=\"top\"><strong>Spain<\/strong><br \/>\nMedialdua Music \u2013 Agencia de Promoci\u00f3n y Producci\u00f3n Musical<br \/>\nTel. +34 620 733 573 \/ +34 949 335 232<br \/>\n<a href=\"mailto:mendialduamusic@gmail.com\">mendialduamusic@gmail.com<\/a><br \/>\n<a href=\"https:\/\/www.mendialduamusic.com\">www.mendialduamusic.com<\/a><\/td>\n<td style=\"width: 5%;\">&nbsp;<\/td>\n<td style=\"width: 21%; vertical-align: top;\" valign=\"top\"><strong>Germany<\/strong><br \/>\nIrena Nemecek<br \/>\nart productions<br \/>\nThalkirchner Str. 127<br \/>\nD-81371 M\u00fcnchen<br \/>\nTel. +49- 89- 23000 182<br \/>\nFax. +49- 89- 23000 825<br \/>\nMobile +49 172 8520930<br \/>\n<a href=\"http:\/\/www.art-productions.com\/\" target=\"_blank\" rel=\"noopener noreferrer\">www.art-productions.com<\/a><\/td>\n<td style=\"width: 5%;\"><strong>&nbsp;<\/strong><\/td>\n<td style=\"width: 21%; vertical-align: top;\" valign=\"top\"><strong>Austria<\/strong><br \/>\nCADENZA CONCERT<br \/>\nMarkus Gisperg<br \/>\nBeethovenstrasse 30<br \/>\nA-5020 Salzburg<br \/>\nMobile +43 664 33 0 22 68<br \/>\n<a href=\"mailto:office@cadenza-concert.at\">office@cadenza-concert.at<\/a><\/td>\n<\/tr>\n<tr>\n<td style=\"width: 21%;\" valign=\"top\">&nbsp;<\/td>\n<td style=\"width: 3.4813084112149535%;\">&nbsp;<\/td>\n<td style=\"width: 22.518691588785046%;\" valign=\"top\">&nbsp;<\/td>\n<td style=\"width: 5%;\">&nbsp;<\/td>\n<td style=\"width: 21%;\" valign=\"top\">&nbsp;<\/td>\n<td style=\"width: 5%;\">&nbsp;<\/td>\n<td style=\"width: 21%;\" valign=\"top\">&nbsp;<\/td>\n<\/tr>\n<tr>\n<td style=\"width: 21%;\" valign=\"top\">&nbsp;<\/td>\n<td style=\"width: 3.4813084112149535%; vertical-align: top;\"><strong>Czech Republic<\/strong><br \/>\nPejtho Artists Agency Ltd.<br \/>\nRonkova 1831\/6<br \/>\nCZ-11800 Praha 8<br \/>\nTel. +42 02 848 17 984<br \/>\nFax. +42 02 848 17 985<br \/>\nMobile +420 602 266 199\u202c<br \/>\n<a href=\"mailto:peitho@peitho.cz\">peitho@peitho.cz<\/a>&nbsp;&nbsp;&nbsp;&nbsp;&nbsp;&nbsp;<\/td>\n<td style=\"width: 22.518691588785046%; vertical-align: top;\" valign=\"top\"><strong>Japan<br \/>\n<\/strong>Kojima Concert Management Co., Ltd.<br \/>\nYutaka Kojima, Managing Director<br \/>\nTOKYO: 1-24-7-408 Shinjuku, Shinjuku-ku, Tokyo, Japan<br \/>\nT: + 81 3 5379 3733<br \/>\nF: + 81 3 3353 6881<br \/>\nOSAKA: 16-1-204 Jyoshoji Kadoma-shi, Osaka, Japan<br \/>\nM.P. + 81 (0) 90 3727 6539 (Japan)<br \/>\n+ 81 (0) 90 3943 6391 (World)<br \/>\n<a href=\"http:\/\/www.kojimacm.com\/\" target=\"_blank\" rel=\"noopener noreferrer\">www.kojimacm.com<\/a><\/td>\n<td style=\"width: 5%;\">&nbsp;<\/td>\n<td style=\"width: 21%; vertical-align: top;\" valign=\"top\"><strong>South America <\/strong><br \/>\nCarlos J. Grynfeld<br \/>\nConciertos Grapa<br \/>\nQuerand\u00edes 4408<br \/>\n(1183) Buenos Aires<br \/>\nArgentina<br \/>\nTel. +54 11 4958 2771<br \/>\nTel. +54 911 5179 7072<br \/>\n<a href=\"mailto:carlos.grynfeld@cgmanagement.net\">carlos.grynfeld@cgmanagement.net<\/a><br \/>\nskype: conciertosgrapa<br \/>\n<a href=\"http:\/\/www.conciertosgrapa.com\/\" target=\"_blank\" rel=\"noopener noreferrer\">www.conciertosgrapa.com<\/a><\/td>\n<td style=\"width: 5%;\"><strong>&nbsp;<\/strong><\/td>\n<td style=\"width: 21%; vertical-align: top;\" valign=\"top\">&nbsp;<\/td>\n<\/tr>\n<\/tbody>\n<\/table>\n<p>&nbsp;<\/p>\n<p>&nbsp;<\/p>\n","protected":false},"excerpt":{"rendered":"<p>Le coordinateur principal est: Beatrix Jerie Engelgasse 104 CH-4052 Basel Tel. +41 61 312 05 18 Mobile +41 76 2821750 beatrix.jerie@sunrise.ch &nbsp; &nbsp; &nbsp; &nbsp; &nbsp; &nbsp; AGENCES &nbsp; Beijing\/ Hong Kong\/ London\/&nbsp;Taiwan Wray Armstrong Chairman and CEO Armstrong Music and Arts www.armstrongmusic.cc Tel. +86 1381 766 4123 Mobile +44 7525 032 259&nbsp;&nbsp; Spain Medialdua &hellip; <\/p>\n<p class=\"link-more\"><a href=\"https:\/\/www.guarneritrioprague.com\/fr\/kontakty\/\" class=\"more-link\">Continuer la lecture<span class=\"screen-reader-text\"> de &laquo;&nbsp;CONTACT&nbsp;&raquo;<\/span><\/a><\/p>\n","protected":false},"author":1,"featured_media":0,"parent":0,"menu_order":0,"comment_status":"closed","ping_status":"closed","template":"","meta":{"ngg_post_thumbnail":0,"footnotes":""},"class_list":["post-176","page","type-page","status-publish","hentry"],"translation":{"provider":"WPGlobus","version":"3.0.2","language":"fr","enabled_languages":["cz","en","de","fr"],"languages":{"cz":{"title":true,"content":true,"excerpt":false},"en":{"title":true,"content":true,"excerpt":false},"de":{"title":true,"content":true,"excerpt":false},"fr":{"title":true,"content":true,"excerpt":false}}},"yoast_head":"<!-- This site is optimized with the Yoast SEO plugin v27.5 - https:\/\/yoast.com\/product\/yoast-seo-wordpress\/ -->\n<title>CONTACT - Guarneri Trio Prague<\/title>\n<meta name=\"robots\" content=\"index, follow, max-snippet:-1, max-image-preview:large, max-video-preview:-1\" \/>\n<link rel=\"canonical\" href=\"https:\/\/www.guarneritrioprague.com\/kontakty\/\" \/>\n<meta property=\"og:locale\" content=\"fr_FR\" \/>\n<meta property=\"og:type\" content=\"article\" \/>\n<meta property=\"og:title\" content=\"CONTACT - Guarneri Trio Prague\" \/>\n<meta property=\"og:url\" content=\"https:\/\/www.guarneritrioprague.com\/kontakty\/\" \/>\n<meta property=\"og:site_name\" content=\"Guarneri Trio Prague\" \/>\n<meta property=\"article:modified_time\" content=\"2022-01-17T13:25:14+00:00\" \/>\n<meta name=\"twitter:card\" content=\"summary_large_image\" \/>\n<meta name=\"twitter:label1\" content=\"Dur\u00e9e de lecture estim\u00e9e\" \/>\n\t<meta name=\"twitter:data1\" content=\"2 minutes\" \/>\n<script type=\"application\/ld+json\" class=\"yoast-schema-graph\">{\"@context\":\"https:\\\/\\\/schema.org\",\"@graph\":[{\"@type\":\"WebPage\",\"@id\":\"https:\\\/\\\/www.guarneritrioprague.com\\\/kontakty\\\/\",\"url\":\"https:\\\/\\\/www.guarneritrioprague.com\\\/kontakty\\\/\",\"name\":\"CONTACT - Guarneri Trio Prague\",\"isPartOf\":{\"@id\":\"https:\\\/\\\/www.guarneritrioprague.com\\\/#website\"},\"datePublished\":\"2019-10-27T09:07:44+00:00\",\"dateModified\":\"2022-01-17T13:25:14+00:00\",\"breadcrumb\":{\"@id\":\"https:\\\/\\\/www.guarneritrioprague.com\\\/kontakty\\\/#breadcrumb\"},\"inLanguage\":\"fr-FR\",\"potentialAction\":[{\"@type\":\"ReadAction\",\"target\":[\"https:\\\/\\\/www.guarneritrioprague.com\\\/kontakty\\\/\"]}]},{\"@type\":\"BreadcrumbList\",\"@id\":\"https:\\\/\\\/www.guarneritrioprague.com\\\/kontakty\\\/#breadcrumb\",\"itemListElement\":[{\"@type\":\"ListItem\",\"position\":1,\"name\":\"Dom\u016f\",\"item\":\"https:\\\/\\\/www.guarneritrioprague.com\\\/\"},{\"@type\":\"ListItem\",\"position\":2,\"name\":\"KONTAKTY\"}]},{\"@type\":\"WebSite\",\"@id\":\"https:\\\/\\\/www.guarneritrioprague.com\\\/#website\",\"url\":\"https:\\\/\\\/www.guarneritrioprague.com\\\/\",\"name\":\"Guarneri Trio Prague\",\"description\":\"Ivan Kl\u00e1nsk\u00fd - piano, \u010cen\u011bk Pavl\u00edk - violon, Marek Jerie - violoncello\",\"potentialAction\":[{\"@type\":\"SearchAction\",\"target\":{\"@type\":\"EntryPoint\",\"urlTemplate\":\"https:\\\/\\\/www.guarneritrioprague.com\\\/?s={search_term_string}\"},\"query-input\":{\"@type\":\"PropertyValueSpecification\",\"valueRequired\":true,\"valueName\":\"search_term_string\"}}],\"inLanguage\":\"fr-FR\"}]}<\/script>\n<!-- \/ Yoast SEO plugin. -->","yoast_head_json":{"title":"CONTACT - Guarneri Trio Prague","robots":{"index":"index","follow":"follow","max-snippet":"max-snippet:-1","max-image-preview":"max-image-preview:large","max-video-preview":"max-video-preview:-1"},"canonical":"https:\/\/www.guarneritrioprague.com\/kontakty\/","og_locale":"fr_FR","og_type":"article","og_title":"CONTACT - Guarneri Trio Prague","og_url":"https:\/\/www.guarneritrioprague.com\/kontakty\/","og_site_name":"Guarneri Trio Prague","article_modified_time":"2022-01-17T13:25:14+00:00","twitter_card":"summary_large_image","twitter_misc":{"Dur\u00e9e de lecture estim\u00e9e":"2 minutes"},"schema":{"@context":"https:\/\/schema.org","@graph":[{"@type":"WebPage","@id":"https:\/\/www.guarneritrioprague.com\/kontakty\/","url":"https:\/\/www.guarneritrioprague.com\/kontakty\/","name":"CONTACT - Guarneri Trio Prague","isPartOf":{"@id":"https:\/\/www.guarneritrioprague.com\/#website"},"datePublished":"2019-10-27T09:07:44+00:00","dateModified":"2022-01-17T13:25:14+00:00","breadcrumb":{"@id":"https:\/\/www.guarneritrioprague.com\/kontakty\/#breadcrumb"},"inLanguage":"fr-FR","potentialAction":[{"@type":"ReadAction","target":["https:\/\/www.guarneritrioprague.com\/kontakty\/"]}]},{"@type":"BreadcrumbList","@id":"https:\/\/www.guarneritrioprague.com\/kontakty\/#breadcrumb","itemListElement":[{"@type":"ListItem","position":1,"name":"Dom\u016f","item":"https:\/\/www.guarneritrioprague.com\/"},{"@type":"ListItem","position":2,"name":"KONTAKTY"}]},{"@type":"WebSite","@id":"https:\/\/www.guarneritrioprague.com\/#website","url":"https:\/\/www.guarneritrioprague.com\/","name":"Guarneri Trio Prague","description":"Ivan Kl\u00e1nsk\u00fd - piano, \u010cen\u011bk Pavl\u00edk - violon, Marek Jerie - violoncello","potentialAction":[{"@type":"SearchAction","target":{"@type":"EntryPoint","urlTemplate":"https:\/\/www.guarneritrioprague.com\/?s={search_term_string}"},"query-input":{"@type":"PropertyValueSpecification","valueRequired":true,"valueName":"search_term_string"}}],"inLanguage":"fr-FR"}]}},"_links":{"self":[{"href":"https:\/\/www.guarneritrioprague.com\/fr\/wp-json\/wp\/v2\/pages\/176","targetHints":{"allow":["GET"]}}],"collection":[{"href":"https:\/\/www.guarneritrioprague.com\/fr\/wp-json\/wp\/v2\/pages"}],"about":[{"href":"https:\/\/www.guarneritrioprague.com\/fr\/wp-json\/wp\/v2\/types\/page"}],"author":[{"embeddable":true,"href":"https:\/\/www.guarneritrioprague.com\/fr\/wp-json\/wp\/v2\/users\/1"}],"replies":[{"embeddable":true,"href":"https:\/\/www.guarneritrioprague.com\/fr\/wp-json\/wp\/v2\/comments?post=176"}],"version-history":[{"count":64,"href":"https:\/\/www.guarneritrioprague.com\/fr\/wp-json\/wp\/v2\/pages\/176\/revisions"}],"predecessor-version":[{"id":453,"href":"https:\/\/www.guarneritrioprague.com\/fr\/wp-json\/wp\/v2\/pages\/176\/revisions\/453"}],"wp:attachment":[{"href":"https:\/\/www.guarneritrioprague.com\/fr\/wp-json\/wp\/v2\/media?parent=176"}],"curies":[{"name":"wp","href":"https:\/\/api.w.org\/{rel}","templated":true}]}}