{"id":248,"date":"2019-10-28T13:43:24","date_gmt":"2019-10-28T12:43:24","guid":{"rendered":"https:\/\/guarneritrioprague.cajik.com\/?page_id=248"},"modified":"2020-02-29T21:41:45","modified_gmt":"2020-02-29T20:41:45","slug":"repertoar","status":"publish","type":"page","link":"https:\/\/www.guarneritrioprague.com\/fr\/repertoar\/","title":{"rendered":"REPERTOIRE"},"content":{"rendered":"<table border=\"0\" width=\"398\" cellspacing=\"0\" cellpadding=\"0\">\n<tbody>\n<tr>\n<td align=\"left\" valign=\"top\" width=\"160\"><span class=\"style6\">BEETHOVEN Ludwig van<\/span><\/td>\n<td align=\"left\" valign=\"top\" width=\"238\"><span class=\"style6\">Piano Trio in E flat major op. 1\/1<br \/>\nPiano Trio in G major op. 1\/2<br \/>\nPiano Trio in C minor op. 1\/3<br \/>\nPiano Trio in B flat major op. 11 (Gassenhauer)<br \/>\n14 Variations in E flat major op. 44&nbsp;<br \/>\nPiano Trio in D major op. 70\/1 (Ghost)<br \/>\nPiano Trio in E flat major op. 70\/2<br \/>\nPiano Trio in B flat major, Op. 97 (Archduke)<br \/>\n10 Variations in G major op. 121(Ich bin der Schneider Kakadu)<br \/>\nPiano Trio in E flat major WoO 38<br \/>\nPiano Trio in B flat major WoO 39<br \/>\nAllegretto E flat major Hess-Verz. 48<br \/>\nTriple Concerto in C major op. 56<\/span><\/td>\n<\/tr>\n<tr>\n<td align=\"left\" valign=\"top\" width=\"160\"><span class=\"style6\">BLOCH Ernest<\/span><\/td>\n<td align=\"left\" valign=\"top\" width=\"238\"><span class=\"style6\">Three Nocturnes<\/span><\/td>\n<\/tr>\n<tr>\n<td align=\"left\" valign=\"top\" width=\"160\"><span class=\"style6\">BRAHMS Johannes<\/span><\/td>\n<td align=\"left\" valign=\"top\" width=\"238\"><span class=\"style6\">Piano Trio in B major op. 8 (Endfassung)<br \/>\nPiano Trio in C major op. 87<br \/>\nPiano Trio in C minor op. 101<br \/>\nPiano Quartet in G minor op. 25<\/span><\/td>\n<\/tr>\n<tr>\n<td align=\"left\" valign=\"top\" width=\"160\"><span class=\"style6\">BR\u00c4M Th\u00fcring<\/span><\/td>\n<td align=\"left\" valign=\"top\" width=\"238\"><span class=\"style6\">The Landscapes of the Dreams <\/span><\/td>\n<\/tr>\n<tr>\n<td align=\"left\" valign=\"top\" width=\"160\"><span class=\"style6\">CHOPIN Fr\u00e9d\u00e9ric<\/span><\/td>\n<td align=\"left\" valign=\"top\" width=\"238\"><span class=\"style6\">Piano Trio in G minor op. 8 <\/span><\/td>\n<\/tr>\n<tr>\n<td align=\"left\" valign=\"top\" width=\"160\"><span class=\"style6\">DVO\u0158\u00c1K Anton\u00cdn <\/span><\/td>\n<td align=\"left\" valign=\"top\" width=\"238\"><span class=\"style6\">Piano Trio in B flat major No. 1 op. 21<br \/>\nPiano Trio in G minor Nro 2 op. 26<br \/>\nPiano Trio in F minor No. 3 op. 65, B130<br \/>\nPiano&nbsp;Trio in E minor No. 4 op. 90 (Dumky)<br \/>\nPiano Quartet in E flat major op. 87<\/span><\/td>\n<\/tr>\n<tr>\n<td align=\"left\" valign=\"top\" width=\"160\"><span class=\"style6\">FI\u0160ER Lubo\u0161<\/span><\/td>\n<td align=\"left\" valign=\"top\" width=\"238\"><span class=\"style6\">Piano Trio (1978) <\/span><\/td>\n<\/tr>\n<tr>\n<td align=\"left\" valign=\"top\" width=\"160\"><span class=\"style6\">HAYDN Joseph<\/span><\/td>\n<td align=\"left\" valign=\"top\" width=\"238\"><span class=\"style6\">Piano Trio in G major Hob. XV\/25 (Gypsy)<br \/>\nPiano Trio in F sharp minor Hob. XV\/26<\/span><\/td>\n<\/tr>\n<tr>\n<td align=\"left\" valign=\"top\" width=\"160\"><span class=\"style6\">MARTIN\u016e Bohuslav<\/span><\/td>\n<td align=\"left\" valign=\"top\" width=\"238\"><span class=\"style6\">Trio in C major<br \/>\nBergerettes<\/span><\/td>\n<\/tr>\n<tr>\n<td align=\"left\" valign=\"top\" width=\"160\"><span class=\"style6\">MENDELSSOHN Felix<\/span><\/td>\n<td align=\"left\" valign=\"top\" width=\"238\"><span class=\"style6\">Piano Trio in D minor Nr. 1 op. 49<br \/>\nPiano Trio in C minor Nr. 2 op. 66<\/span><\/td>\n<\/tr>\n<tr>\n<td align=\"left\" valign=\"top\"><span class=\"style6\">MOZART Wolfgang<br \/>\nAmadeus <\/span><\/td>\n<td align=\"left\" valign=\"top\"><span class=\"style6\">Divertimento in B flat major KV 254<br \/>\nPiano Trio in G major KV 496<br \/>\nPiano Trio in B flat major K502<br \/>\nPiano Trio in E major, K542<br \/>\nPiano Trio in C major KV 548<br \/>\nPiano Trio in G major K564<\/span><\/td>\n<\/tr>\n<tr>\n<td align=\"left\" valign=\"top\"><span class=\"style6\">NOV\u00c1K V\u00edt\u011bzslav<\/span><\/td>\n<td align=\"left\" valign=\"top\"><span class=\"style6\">Piano Trio \u00ab\u00a0Quasi una ballata\u00a0\u00bb op. 27<\/span><\/td>\n<\/tr>\n<tr>\n<td align=\"left\" valign=\"top\"><span class=\"style6\">REJCHA Anton\u00edn<\/span><\/td>\n<td align=\"left\" valign=\"top\"><span class=\"style6\">Piano Trio in E flat major op. 101, No.1<br \/>\nPiano Trio in D major op. 101, No.2<br \/>\nPiano Trio in C major op. 101, No.3<\/span><\/td>\n<\/tr>\n<tr>\n<td align=\"left\" valign=\"top\"><span class=\"style6\">RHEINBERGER Joseph Gabriel<\/span><\/td>\n<td align=\"left\" valign=\"top\"><span class=\"style6\">Piano Trio A major op. 112<\/span><\/td>\n<\/tr>\n<tr>\n<td align=\"left\" valign=\"top\"><span class=\"style6\">SHOSTAKOVICH Dmitri<\/span><\/td>\n<td align=\"left\" valign=\"top\"><span class=\"style6\">Piano Trio in C minor No. 1 op. 8<br \/>\nPiano Trio in E minor No. 2 op. 67<br \/>\n7 Romances on verses by Alexander Blok op. 127 for soprano, cello and piano<\/span><\/td>\n<\/tr>\n<tr>\n<td align=\"left\" valign=\"top\"><span class=\"style6\">SCHUBERT Franz <\/span><\/td>\n<td align=\"left\" valign=\"top\"><span class=\"style6\">Piano Trio in B flat major op. 99 D 898<br \/>\nPiano Trio in E flat major op. 100 929<br \/>\nAdagio in E flat major D 897 (Notturno) <\/span><\/td>\n<\/tr>\n<tr>\n<td align=\"left\" valign=\"top\"><span class=\"style6\">SCHUMANN Robert <\/span><\/td>\n<td align=\"left\" valign=\"top\"><span class=\"style6\">4 Phantasiest\u00fccke for violin, cello and piano in A major op. 88<\/span><\/p>\n<p>Piano Quartet in &nbsp;E flat major op. 47<\/td>\n<\/tr>\n<tr>\n<td align=\"left\" valign=\"top\"><span class=\"style6\">SMETANA Bed\u0159ich <\/span><\/td>\n<td align=\"left\" valign=\"top\"><span class=\"style6\">Piano Trio in G minor op. 15 <\/span><\/td>\n<\/tr>\n<tr>\n<td align=\"left\" valign=\"top\"><span class=\"style6\">SUK Josef <\/span><\/td>\n<td align=\"left\" valign=\"top\"><span class=\"style6\">Elegie for Piano Trio op. 23<br \/>\nPiano Trio in C minor op. 2<\/span><\/td>\n<\/tr>\n<tr>\n<td align=\"left\" valign=\"top\"><span class=\"style6\">TURINA Joaquin<\/span><\/td>\n<td align=\"left\" valign=\"top\"><span class=\"style6\">\u00ab\u00a0Circulo\u00a0\u00bb &#8211; Fantasia for Piano Trio op. 91 <\/span><\/td>\n<\/tr>\n<tr>\n<td align=\"left\" valign=\"top\"><span class=\"style6\">VORISEK Jan Vaclav Hugo <\/span><\/td>\n<td align=\"left\" valign=\"top\"><span class=\"style6\">Grand Rondo in D major op. 25 <\/span><\/td>\n<\/tr>\n<\/tbody>\n<\/table>\n<table border=\"0\" width=\"799\" cellspacing=\"0\" cellpadding=\"0\">\n<tbody>\n<tr>\n<td align=\"left\" valign=\"top\" width=\"369\">\n<h4 class=\"style6\"><span class=\"style12\">Programme proposals<\/span><\/h4>\n<p><span style=\"font-size: 12pt;\"><strong>Czech Opus magnum of chamber music<\/strong><\/span><\/p>\n<p><span style=\"font-size: 12pt;\">Josef Suk &#8211; Elegie op. 23<\/span><br \/>\n<span style=\"font-size: 12pt;\">Bed\u0159ich Smetana &#8211; Piano Trio in G minor op. 15<\/span><br \/>\n<span style=\"font-size: 12pt;\">Anton\u00edn Dvo\u0159\u00e1k &#8211; Piano Trio in E minor op. 90 \u00ab\u00a0Dumky\u00a0\u00bb<\/span><\/p>\n<p><span style=\"font-size: 12pt;\"><strong>Haydn in contrasts<\/strong><\/span><br \/>\n<span style=\"font-size: 12pt;\">Joseph Haydn &#8211; Piano Trio in G major No. 1 Hob. XV\/25<\/span><br \/>\n<span style=\"font-size: 12pt;\">Dmitri Shostakovich &#8211; Piano Trio in C minor No. 1&nbsp;op. 8<\/span><br \/>\n<span style=\"font-size: 12pt;\">Joseph Haydn &#8211; Piano Trio in F sharp minor Hob. XV\/26 <\/span><br \/>\n<span style=\"font-size: 12pt;\">Dimitri Shostakovich &#8211; Piano Trio in E minor&nbsp;No. 2 op. 67<\/span><\/p>\n<p><span style=\"font-size: 12pt;\"><strong>Deutsche Romantik<br \/>\n<\/strong>Felix Mendelssohn &#8211; Piano Trio in D minor No. 1 op. 49<\/span><br \/>\n<span style=\"font-size: 12pt;\">Johannes Brahms &#8211; Piano Trio in B major op. 8 (Endfassung)<\/span><\/p>\n<p><span style=\"font-size: 12pt;\"><strong>An <\/strong><\/span><span style=\"font-size: 12pt;\"><strong>evening with Schubert&nbsp;<br \/>\n<\/strong>Franz Schubert &#8211; Adagio Es-Dur D. 897 \u00ab\u00a0Notturno\u00a0\u00bb <\/span><br \/>\n<span style=\"font-size: 12pt;\">Franz Schubert &#8211; Piano Trio in B flat major op. 99 D 898<\/span><br \/>\n<span style=\"font-size: 12pt;\">Franz Schubert &#8211; Piano Trio in E flat major op. 100<\/span><\/p>\n<p><span style=\"font-size: 12pt;\"><strong>Klassik pur: Beethoven <\/strong><\/span><br \/>\n<span style=\"font-size: 12pt;\">Ludwig van Beethoven &#8211; 10 Variations in G &nbsp;major op. 121a<\/span><br \/>\n<span style=\"font-size: 12pt;\">Ludwig van Beethoven &#8211; Piano Trio in D major op. 70 Nr. 1 \u00ab\u00a0Ghost\u00a0\u00bb<\/span><br \/>\n<span style=\"font-size: 12pt;\">Ludwig van Beethoven &#8211; Piano Trio in B flat major op. 97 \u00ab\u00a0Archduke\u00a0\u00bb<\/span><\/p>\n<p><span style=\"font-size: 12pt;\"><strong>Mozart in contrasts<br \/>\n<\/strong>Wolfgang Amadeus Mozart &#8211; Piano Trio in B flat major KV 502<\/span><br \/>\n<span style=\"font-size: 12pt;\">Ernest Bloch &#8211; Three Nocturnes<\/span><br \/>\n<span style=\"font-size: 12pt;\">Wolfgang Amadeus Mozart &#8211; Piano Trio in C major KV 548<\/span><br \/>\n<span style=\"font-size: 12pt;\">Lubo\u0161 Fi\u0161er &#8211; Piano Trio (1978)<\/span><br \/>\n<span style=\"font-size: 12pt;\">Wolfgang Amadeus Mozart &#8211; Piano Trio in G major KV 564<\/span><\/td>\n<\/tr>\n<\/tbody>\n<\/table>\n<p>&nbsp;<\/p>\n","protected":false},"excerpt":{"rendered":"<p>BEETHOVEN Ludwig van Piano Trio in E flat major op. 1\/1 Piano Trio in G major op. 1\/2 Piano Trio in C minor op. 1\/3 Piano Trio in B flat major op. 11 (Gassenhauer) 14 Variations in E flat major op. 44&nbsp; Piano Trio in D major op. 70\/1 (Ghost) Piano Trio in E flat &hellip; <\/p>\n<p class=\"link-more\"><a href=\"https:\/\/www.guarneritrioprague.com\/fr\/repertoar\/\" class=\"more-link\">Continuer la lecture<span class=\"screen-reader-text\"> de &laquo;&nbsp;REPERTOIRE&nbsp;&raquo;<\/span><\/a><\/p>\n","protected":false},"author":1,"featured_media":0,"parent":0,"menu_order":0,"comment_status":"closed","ping_status":"closed","template":"","meta":{"ngg_post_thumbnail":0,"footnotes":""},"class_list":["post-248","page","type-page","status-publish","hentry"],"translation":{"provider":"WPGlobus","version":"3.0.2","language":"fr","enabled_languages":["cz","en","de","fr"],"languages":{"cz":{"title":true,"content":true,"excerpt":false},"en":{"title":true,"content":true,"excerpt":false},"de":{"title":true,"content":true,"excerpt":false},"fr":{"title":true,"content":true,"excerpt":false}}},"yoast_head":"<!-- This site is optimized with the Yoast SEO plugin v27.5 - https:\/\/yoast.com\/product\/yoast-seo-wordpress\/ -->\n<title>REPERTOIRE - Guarneri Trio Prague<\/title>\n<meta name=\"robots\" content=\"index, follow, max-snippet:-1, max-image-preview:large, max-video-preview:-1\" \/>\n<link rel=\"canonical\" href=\"https:\/\/www.guarneritrioprague.com\/repertoar\/\" \/>\n<meta property=\"og:locale\" content=\"fr_FR\" \/>\n<meta property=\"og:type\" content=\"article\" \/>\n<meta property=\"og:title\" content=\"REPERTOIRE - Guarneri Trio Prague\" \/>\n<meta property=\"og:url\" content=\"https:\/\/www.guarneritrioprague.com\/repertoar\/\" \/>\n<meta property=\"og:site_name\" content=\"Guarneri Trio Prague\" \/>\n<meta property=\"article:modified_time\" content=\"2020-02-29T20:41:45+00:00\" \/>\n<meta name=\"twitter:card\" content=\"summary_large_image\" \/>\n<meta name=\"twitter:label1\" content=\"Dur\u00e9e de lecture estim\u00e9e\" \/>\n\t<meta name=\"twitter:data1\" content=\"12 minutes\" \/>\n<script type=\"application\/ld+json\" class=\"yoast-schema-graph\">{\"@context\":\"https:\\\/\\\/schema.org\",\"@graph\":[{\"@type\":\"WebPage\",\"@id\":\"https:\\\/\\\/www.guarneritrioprague.com\\\/repertoar\\\/\",\"url\":\"https:\\\/\\\/www.guarneritrioprague.com\\\/repertoar\\\/\",\"name\":\"REPERTOIRE - Guarneri Trio Prague\",\"isPartOf\":{\"@id\":\"https:\\\/\\\/www.guarneritrioprague.com\\\/#website\"},\"datePublished\":\"2019-10-28T12:43:24+00:00\",\"dateModified\":\"2020-02-29T20:41:45+00:00\",\"breadcrumb\":{\"@id\":\"https:\\\/\\\/www.guarneritrioprague.com\\\/repertoar\\\/#breadcrumb\"},\"inLanguage\":\"fr-FR\",\"potentialAction\":[{\"@type\":\"ReadAction\",\"target\":[\"https:\\\/\\\/www.guarneritrioprague.com\\\/repertoar\\\/\"]}]},{\"@type\":\"BreadcrumbList\",\"@id\":\"https:\\\/\\\/www.guarneritrioprague.com\\\/repertoar\\\/#breadcrumb\",\"itemListElement\":[{\"@type\":\"ListItem\",\"position\":1,\"name\":\"Dom\u016f\",\"item\":\"https:\\\/\\\/www.guarneritrioprague.com\\\/\"},{\"@type\":\"ListItem\",\"position\":2,\"name\":\"REPERTO\u00c1R\"}]},{\"@type\":\"WebSite\",\"@id\":\"https:\\\/\\\/www.guarneritrioprague.com\\\/#website\",\"url\":\"https:\\\/\\\/www.guarneritrioprague.com\\\/\",\"name\":\"Guarneri Trio Prague\",\"description\":\"Ivan Kl\u00e1nsk\u00fd - piano, \u010cen\u011bk Pavl\u00edk - violon, Marek Jerie - violoncello\",\"potentialAction\":[{\"@type\":\"SearchAction\",\"target\":{\"@type\":\"EntryPoint\",\"urlTemplate\":\"https:\\\/\\\/www.guarneritrioprague.com\\\/?s={search_term_string}\"},\"query-input\":{\"@type\":\"PropertyValueSpecification\",\"valueRequired\":true,\"valueName\":\"search_term_string\"}}],\"inLanguage\":\"fr-FR\"}]}<\/script>\n<!-- \/ Yoast SEO plugin. -->","yoast_head_json":{"title":"REPERTOIRE - Guarneri Trio Prague","robots":{"index":"index","follow":"follow","max-snippet":"max-snippet:-1","max-image-preview":"max-image-preview:large","max-video-preview":"max-video-preview:-1"},"canonical":"https:\/\/www.guarneritrioprague.com\/repertoar\/","og_locale":"fr_FR","og_type":"article","og_title":"REPERTOIRE - Guarneri Trio Prague","og_url":"https:\/\/www.guarneritrioprague.com\/repertoar\/","og_site_name":"Guarneri Trio Prague","article_modified_time":"2020-02-29T20:41:45+00:00","twitter_card":"summary_large_image","twitter_misc":{"Dur\u00e9e de lecture estim\u00e9e":"12 minutes"},"schema":{"@context":"https:\/\/schema.org","@graph":[{"@type":"WebPage","@id":"https:\/\/www.guarneritrioprague.com\/repertoar\/","url":"https:\/\/www.guarneritrioprague.com\/repertoar\/","name":"REPERTOIRE - Guarneri Trio Prague","isPartOf":{"@id":"https:\/\/www.guarneritrioprague.com\/#website"},"datePublished":"2019-10-28T12:43:24+00:00","dateModified":"2020-02-29T20:41:45+00:00","breadcrumb":{"@id":"https:\/\/www.guarneritrioprague.com\/repertoar\/#breadcrumb"},"inLanguage":"fr-FR","potentialAction":[{"@type":"ReadAction","target":["https:\/\/www.guarneritrioprague.com\/repertoar\/"]}]},{"@type":"BreadcrumbList","@id":"https:\/\/www.guarneritrioprague.com\/repertoar\/#breadcrumb","itemListElement":[{"@type":"ListItem","position":1,"name":"Dom\u016f","item":"https:\/\/www.guarneritrioprague.com\/"},{"@type":"ListItem","position":2,"name":"REPERTO\u00c1R"}]},{"@type":"WebSite","@id":"https:\/\/www.guarneritrioprague.com\/#website","url":"https:\/\/www.guarneritrioprague.com\/","name":"Guarneri Trio Prague","description":"Ivan Kl\u00e1nsk\u00fd - piano, \u010cen\u011bk Pavl\u00edk - violon, Marek Jerie - violoncello","potentialAction":[{"@type":"SearchAction","target":{"@type":"EntryPoint","urlTemplate":"https:\/\/www.guarneritrioprague.com\/?s={search_term_string}"},"query-input":{"@type":"PropertyValueSpecification","valueRequired":true,"valueName":"search_term_string"}}],"inLanguage":"fr-FR"}]}},"_links":{"self":[{"href":"https:\/\/www.guarneritrioprague.com\/fr\/wp-json\/wp\/v2\/pages\/248","targetHints":{"allow":["GET"]}}],"collection":[{"href":"https:\/\/www.guarneritrioprague.com\/fr\/wp-json\/wp\/v2\/pages"}],"about":[{"href":"https:\/\/www.guarneritrioprague.com\/fr\/wp-json\/wp\/v2\/types\/page"}],"author":[{"embeddable":true,"href":"https:\/\/www.guarneritrioprague.com\/fr\/wp-json\/wp\/v2\/users\/1"}],"replies":[{"embeddable":true,"href":"https:\/\/www.guarneritrioprague.com\/fr\/wp-json\/wp\/v2\/comments?post=248"}],"version-history":[{"count":37,"href":"https:\/\/www.guarneritrioprague.com\/fr\/wp-json\/wp\/v2\/pages\/248\/revisions"}],"predecessor-version":[{"id":350,"href":"https:\/\/www.guarneritrioprague.com\/fr\/wp-json\/wp\/v2\/pages\/248\/revisions\/350"}],"wp:attachment":[{"href":"https:\/\/www.guarneritrioprague.com\/fr\/wp-json\/wp\/v2\/media?parent=248"}],"curies":[{"name":"wp","href":"https:\/\/api.w.org\/{rel}","templated":true}]}}