{"id":89,"date":"2019-10-27T08:53:43","date_gmt":"2019-10-27T07:53:43","guid":{"rendered":"https:\/\/guarneritrioprague.cajik.com\/?page_id=89"},"modified":"2023-09-14T10:16:54","modified_gmt":"2023-09-14T09:16:54","slug":"o-nas","status":"publish","type":"page","link":"https:\/\/www.guarneritrioprague.com\/fr\/","title":{"rendered":"\u00c0 propos de nous"},"content":{"rendered":"<table style=\"border-collapse: collapse; width: 100%;\">\n<tbody>\n<tr>\n<td style=\"width: 100%;\" align=\"justify\" valign=\"top\">Le Trio Guarneri de Prague fond\u00e9 en 1986 compte parmi les meilleurs trios avec piano de formation classique. Ses succ\u00e8s spectaculairs attir\u00e8rent d\u00e8s le d\u00e9but la vive attention de la presse musicale internationale, qui le classa en t\u00eate pour son homog\u00e9n\u00e9it\u00e9 sans faille, sa qualit\u00e9 de sonorit\u00e9 extraordinaire et sa virtuosit\u00e9 de haut niveau. Ce trio joue encore dans sa formation d\u2019origine, ce qui en dit long sur la valeur humaine des musiciens et l\u2019excellence toujours valable de leur relations r\u00e9ciproques.<\/p>\n<p>Le Trio Guarneri de Prague participe r\u00e8guli\u00e8rement \u00e0 de nombreux festivals internationaux et \u00e0 des concerts dans les centres de musique importants. De longues tourn\u00e9es le conduisent en Europe, Canada, Australie, Am\u00e9rique du Nord et du Sud et au Japon.<\/p>\n<p>Le Trio Guarneri de Prague a enr\u00e9gistr\u00e9 pour Supraphon et le label Praga Digitals l\u2019int\u00e9grale des trios avec piano de Beethoven, Mendelssohn, Schubert, Dvorak, Chostakowitch et Mozart. Un premier enregistrement de l\u2019oeuvre de Brahms vient de para\u00eetre. Une nouvelle version des 4 trios avec piano d\u2019Antonin Dvorak est en pr\u00e9paration. Les enregistrements du Trio Guarneri de Prague obtinrent plusieurs prix internationaux (Diapason d\u2019Or, le Monde de la Musique, Choc).<\/p>\n<p>\u010cen\u011bk Pavl\u00edk joue sur un violon \u201eZimbalist\u201c de Guarneri del Ges\u00f9 de la collection l\u00e9gendaire de Luigi Tarisio, Marek Jerie joue sur un violoncelle d\u2019Andrea Guarneri de l\u2019ann\u00e9e 1684.<\/p>\n<p>Le Guarneri Trio Prague enseigne regul\u00e8rements dans les masterclasses.<\/td>\n<\/tr>\n<\/tbody>\n<\/table>\n","protected":false},"excerpt":{"rendered":"<p>Le Trio Guarneri de Prague fond\u00e9 en 1986 compte parmi les meilleurs trios avec piano de formation classique. Ses succ\u00e8s spectaculairs attir\u00e8rent d\u00e8s le d\u00e9but la vive attention de la presse musicale internationale, qui le classa en t\u00eate pour son homog\u00e9n\u00e9it\u00e9 sans faille, sa qualit\u00e9 de sonorit\u00e9 extraordinaire et sa virtuosit\u00e9 de haut niveau. Ce &hellip; <\/p>\n<p class=\"link-more\"><a href=\"https:\/\/www.guarneritrioprague.com\/fr\/\" class=\"more-link\">Continuer la lecture<span class=\"screen-reader-text\"> de &laquo;&nbsp;\u00c0 propos de nous&nbsp;&raquo;<\/span><\/a><\/p>\n","protected":false},"author":1,"featured_media":0,"parent":0,"menu_order":0,"comment_status":"closed","ping_status":"closed","template":"","meta":{"ngg_post_thumbnail":0,"footnotes":""},"class_list":["post-89","page","type-page","status-publish","hentry"],"translation":{"provider":"WPGlobus","version":"3.0.2","language":"fr","enabled_languages":["cz","en","de","fr"],"languages":{"cz":{"title":true,"content":true,"excerpt":false},"en":{"title":true,"content":true,"excerpt":false},"de":{"title":true,"content":true,"excerpt":false},"fr":{"title":true,"content":true,"excerpt":false}}},"yoast_head":"<!-- This site is optimized with the Yoast SEO plugin v27.5 - https:\/\/yoast.com\/product\/yoast-seo-wordpress\/ -->\n<title>\u00c0 propos de nous - Guarneri Trio Prague<\/title>\n<meta name=\"robots\" content=\"index, follow, max-snippet:-1, max-image-preview:large, max-video-preview:-1\" \/>\n<link rel=\"canonical\" href=\"https:\/\/www.guarneritrioprague.com\/\" \/>\n<meta property=\"og:locale\" content=\"fr_FR\" \/>\n<meta property=\"og:type\" content=\"article\" \/>\n<meta property=\"og:title\" content=\"\u00c0 propos de nous - Guarneri Trio Prague\" \/>\n<meta property=\"og:url\" content=\"https:\/\/www.guarneritrioprague.com\/\" \/>\n<meta property=\"og:site_name\" content=\"Guarneri Trio Prague\" \/>\n<meta property=\"article:modified_time\" content=\"2023-09-14T09:16:54+00:00\" \/>\n<meta name=\"twitter:card\" content=\"summary_large_image\" \/>\n<meta name=\"twitter:label1\" content=\"Dur\u00e9e de lecture estim\u00e9e\" \/>\n\t<meta name=\"twitter:data1\" content=\"2 minutes\" \/>\n<script type=\"application\/ld+json\" class=\"yoast-schema-graph\">{\"@context\":\"https:\\\/\\\/schema.org\",\"@graph\":[{\"@type\":\"WebPage\",\"@id\":\"https:\\\/\\\/www.guarneritrioprague.com\\\/\",\"url\":\"https:\\\/\\\/www.guarneritrioprague.com\\\/\",\"name\":\"\u00c0 propos de nous - Guarneri Trio Prague\",\"isPartOf\":{\"@id\":\"https:\\\/\\\/www.guarneritrioprague.com\\\/#website\"},\"datePublished\":\"2019-10-27T07:53:43+00:00\",\"dateModified\":\"2023-09-14T09:16:54+00:00\",\"breadcrumb\":{\"@id\":\"https:\\\/\\\/www.guarneritrioprague.com\\\/#breadcrumb\"},\"inLanguage\":\"fr-FR\",\"potentialAction\":[{\"@type\":\"ReadAction\",\"target\":[\"https:\\\/\\\/www.guarneritrioprague.com\\\/\"]}]},{\"@type\":\"BreadcrumbList\",\"@id\":\"https:\\\/\\\/www.guarneritrioprague.com\\\/#breadcrumb\",\"itemListElement\":[{\"@type\":\"ListItem\",\"position\":1,\"name\":\"Dom\u016f\",\"item\":\"https:\\\/\\\/www.guarneritrioprague.com\\\/\"},{\"@type\":\"ListItem\",\"position\":2,\"name\":\"O N\u00c1S\"}]},{\"@type\":\"WebSite\",\"@id\":\"https:\\\/\\\/www.guarneritrioprague.com\\\/#website\",\"url\":\"https:\\\/\\\/www.guarneritrioprague.com\\\/\",\"name\":\"Guarneri Trio Prague\",\"description\":\"Ivan Kl\u00e1nsk\u00fd - piano, \u010cen\u011bk Pavl\u00edk - violon, Marek Jerie - violoncello\",\"potentialAction\":[{\"@type\":\"SearchAction\",\"target\":{\"@type\":\"EntryPoint\",\"urlTemplate\":\"https:\\\/\\\/www.guarneritrioprague.com\\\/?s={search_term_string}\"},\"query-input\":{\"@type\":\"PropertyValueSpecification\",\"valueRequired\":true,\"valueName\":\"search_term_string\"}}],\"inLanguage\":\"fr-FR\"}]}<\/script>\n<!-- \/ Yoast SEO plugin. -->","yoast_head_json":{"title":"\u00c0 propos de nous - Guarneri Trio Prague","robots":{"index":"index","follow":"follow","max-snippet":"max-snippet:-1","max-image-preview":"max-image-preview:large","max-video-preview":"max-video-preview:-1"},"canonical":"https:\/\/www.guarneritrioprague.com\/","og_locale":"fr_FR","og_type":"article","og_title":"\u00c0 propos de nous - Guarneri Trio Prague","og_url":"https:\/\/www.guarneritrioprague.com\/","og_site_name":"Guarneri Trio Prague","article_modified_time":"2023-09-14T09:16:54+00:00","twitter_card":"summary_large_image","twitter_misc":{"Dur\u00e9e de lecture estim\u00e9e":"2 minutes"},"schema":{"@context":"https:\/\/schema.org","@graph":[{"@type":"WebPage","@id":"https:\/\/www.guarneritrioprague.com\/","url":"https:\/\/www.guarneritrioprague.com\/","name":"\u00c0 propos de nous - Guarneri Trio Prague","isPartOf":{"@id":"https:\/\/www.guarneritrioprague.com\/#website"},"datePublished":"2019-10-27T07:53:43+00:00","dateModified":"2023-09-14T09:16:54+00:00","breadcrumb":{"@id":"https:\/\/www.guarneritrioprague.com\/#breadcrumb"},"inLanguage":"fr-FR","potentialAction":[{"@type":"ReadAction","target":["https:\/\/www.guarneritrioprague.com\/"]}]},{"@type":"BreadcrumbList","@id":"https:\/\/www.guarneritrioprague.com\/#breadcrumb","itemListElement":[{"@type":"ListItem","position":1,"name":"Dom\u016f","item":"https:\/\/www.guarneritrioprague.com\/"},{"@type":"ListItem","position":2,"name":"O N\u00c1S"}]},{"@type":"WebSite","@id":"https:\/\/www.guarneritrioprague.com\/#website","url":"https:\/\/www.guarneritrioprague.com\/","name":"Guarneri Trio Prague","description":"Ivan Kl\u00e1nsk\u00fd - piano, \u010cen\u011bk Pavl\u00edk - violon, Marek Jerie - violoncello","potentialAction":[{"@type":"SearchAction","target":{"@type":"EntryPoint","urlTemplate":"https:\/\/www.guarneritrioprague.com\/?s={search_term_string}"},"query-input":{"@type":"PropertyValueSpecification","valueRequired":true,"valueName":"search_term_string"}}],"inLanguage":"fr-FR"}]}},"_links":{"self":[{"href":"https:\/\/www.guarneritrioprague.com\/fr\/wp-json\/wp\/v2\/pages\/89","targetHints":{"allow":["GET"]}}],"collection":[{"href":"https:\/\/www.guarneritrioprague.com\/fr\/wp-json\/wp\/v2\/pages"}],"about":[{"href":"https:\/\/www.guarneritrioprague.com\/fr\/wp-json\/wp\/v2\/types\/page"}],"author":[{"embeddable":true,"href":"https:\/\/www.guarneritrioprague.com\/fr\/wp-json\/wp\/v2\/users\/1"}],"replies":[{"embeddable":true,"href":"https:\/\/www.guarneritrioprague.com\/fr\/wp-json\/wp\/v2\/comments?post=89"}],"version-history":[{"count":23,"href":"https:\/\/www.guarneritrioprague.com\/fr\/wp-json\/wp\/v2\/pages\/89\/revisions"}],"predecessor-version":[{"id":487,"href":"https:\/\/www.guarneritrioprague.com\/fr\/wp-json\/wp\/v2\/pages\/89\/revisions\/487"}],"wp:attachment":[{"href":"https:\/\/www.guarneritrioprague.com\/fr\/wp-json\/wp\/v2\/media?parent=89"}],"curies":[{"name":"wp","href":"https:\/\/api.w.org\/{rel}","templated":true}]}}